{"id":1974,"date":"2025-12-11T15:59:04","date_gmt":"2025-12-11T19:59:04","guid":{"rendered":"https:\/\/new.nowdevenezuela.com\/?post_type=product&#038;p=1974"},"modified":"2025-12-11T15:59:10","modified_gmt":"2025-12-11T19:59:10","slug":"glucosamina-chondroitin-salud-articular-30-tabletas","status":"publish","type":"product","link":"https:\/\/new.nowdevenezuela.com\/index.php\/product\/glucosamina-chondroitin-salud-articular-30-tabletas\/","title":{"rendered":"Glucosamina &amp; Chondroitin (salud articular) 30 tabletas"},"content":{"rendered":"<p style=\"text-align: left\"><strong>Presentaci\u00f3n:\u00a0<\/strong><\/p>\n<p style=\"text-align: left\">Envase de 30 c\u00e1psulas. 1500\/1200 mg.<\/p>\n<p style=\"text-align: left\"><strong>Modo de uso:<\/strong><\/p>\n<p style=\"text-align: left\">Dosis de impregnaci\u00f3n: 2 c\u00e1psulas cada 12 horas durante 14 d\u00edas<\/p>\n<p style=\"text-align: left\"><strong>Dosis de mantenimiento:<\/strong><\/p>\n<p style=\"text-align: left\">1 c\u00e1psula cada 12 horas por el tiempo que lo indique su m\u00e9dico.<\/p>\n","protected":false},"excerpt":{"rendered":"<p>&#8216;-\u00a0 Previene la osteoartritis<\/p>\n<p>&#8211; El glucosamine proporciona fuerza, flexibilidad, elasticidad al cart\u00edlago y al tejido conectivo a trav\u00e9s de la producci\u00f3n de glucosaminoglicanos.<\/p>\n<p>&#8211;\u00a0 El chondroitin, asegura las propiedades mec\u00e1nicas y el\u00e1sticas del cart\u00edlago.<\/p>\n","protected":false},"featured_media":1421,"comment_status":"closed","ping_status":"closed","template":"","meta":[],"product_brand":[],"product_cat":[39],"product_tag":[],"class_list":{"0":"post-1974","1":"product","2":"type-product","3":"status-publish","4":"has-post-thumbnail","6":"product_cat-osteoarticular","8":"first","9":"instock","10":"shipping-taxable","11":"purchasable","12":"product-type-simple"},"_links":{"self":[{"href":"https:\/\/new.nowdevenezuela.com\/index.php\/wp-json\/wp\/v2\/product\/1974","targetHints":{"allow":["GET"]}}],"collection":[{"href":"https:\/\/new.nowdevenezuela.com\/index.php\/wp-json\/wp\/v2\/product"}],"about":[{"href":"https:\/\/new.nowdevenezuela.com\/index.php\/wp-json\/wp\/v2\/types\/product"}],"replies":[{"embeddable":true,"href":"https:\/\/new.nowdevenezuela.com\/index.php\/wp-json\/wp\/v2\/comments?post=1974"}],"wp:featuredmedia":[{"embeddable":true,"href":"https:\/\/new.nowdevenezuela.com\/index.php\/wp-json\/wp\/v2\/media\/1421"}],"wp:attachment":[{"href":"https:\/\/new.nowdevenezuela.com\/index.php\/wp-json\/wp\/v2\/media?parent=1974"}],"wp:term":[{"taxonomy":"product_brand","embeddable":true,"href":"https:\/\/new.nowdevenezuela.com\/index.php\/wp-json\/wp\/v2\/product_brand?post=1974"},{"taxonomy":"product_cat","embeddable":true,"href":"https:\/\/new.nowdevenezuela.com\/index.php\/wp-json\/wp\/v2\/product_cat?post=1974"},{"taxonomy":"product_tag","embeddable":true,"href":"https:\/\/new.nowdevenezuela.com\/index.php\/wp-json\/wp\/v2\/product_tag?post=1974"}],"curies":[{"name":"wp","href":"https:\/\/api.w.org\/{rel}","templated":true}]}}