{"id":1958,"date":"2025-12-11T15:59:03","date_gmt":"2025-12-11T19:59:03","guid":{"rendered":"https:\/\/new.nowdevenezuela.com\/?post_type=product&#038;p=1958"},"modified":"2025-12-11T15:59:07","modified_gmt":"2025-12-11T19:59:07","slug":"ashwagandha-stress-relief-60-capsulas-vegetales","status":"publish","type":"product","link":"https:\/\/new.nowdevenezuela.com\/index.php\/product\/ashwagandha-stress-relief-60-capsulas-vegetales\/","title":{"rendered":"Ashwagandha Stress Relief 60 c\u00e1psulas vegetales"},"content":{"rendered":"<p><strong>Presentaci\u00f3n:\u00a0<\/strong><\/p>\n<p>Ashwagandha (alivio para el estr\u00e9s)\u00a0 60 c\u00e1psulas vegetales<\/p>\n<p><strong>Modo de Uso:<\/strong><\/p>\n<p>&#8211;\u00a0 Tome 1 c\u00e1psula 1 o 2 veces al d\u00eda, con o sin alimentos. Puede tomarse durante el d\u00eda para aliviar el estr\u00e9s o antes de acostarse para conciliar el sue\u00f1o.<\/p>\n<p><strong>Fecha de vencimiento:<\/strong><\/p>\n<p>&#8211;\u00a0 Este producto tiene una fecha de vencimiento de 01\/11\/2027<\/p>\n","protected":false},"excerpt":{"rendered":"<p><span style=\"font-weight: 400\">&#8211;\u00a0 La ashwagandha se utiliza como t\u00f3nico general y adapt\u00f3geno, ayudando al cuerpo a adaptarse al estr\u00e9s normal temporal.<\/span><\/p>\n<p><span style=\"font-weight: 400\">&#8211;\u00a0 Formulado con Lactium\u00ae, un ingrediente cl\u00ednicamente estudiado, este suplemento te ayuda a reducir los niveles de cortisol, la hormona del estr\u00e9s, promoviendo as\u00ed un sue\u00f1o reparador y una mayor relajaci\u00f3n. Adem\u00e1s, la ashwagandha, conocida por sus propiedades adaptog\u00e9nicas, te ayuda a enfrentar el estr\u00e9s diario con mayor calma.<\/span><\/p>\n","protected":false},"featured_media":1373,"comment_status":"closed","ping_status":"closed","template":"","meta":[],"product_brand":[],"product_cat":[75],"product_tag":[],"class_list":{"0":"post-1958","1":"product","2":"type-product","3":"status-publish","4":"has-post-thumbnail","6":"product_cat-antioxidantes","8":"first","9":"instock","10":"shipping-taxable","11":"purchasable","12":"product-type-simple"},"_links":{"self":[{"href":"https:\/\/new.nowdevenezuela.com\/index.php\/wp-json\/wp\/v2\/product\/1958","targetHints":{"allow":["GET"]}}],"collection":[{"href":"https:\/\/new.nowdevenezuela.com\/index.php\/wp-json\/wp\/v2\/product"}],"about":[{"href":"https:\/\/new.nowdevenezuela.com\/index.php\/wp-json\/wp\/v2\/types\/product"}],"replies":[{"embeddable":true,"href":"https:\/\/new.nowdevenezuela.com\/index.php\/wp-json\/wp\/v2\/comments?post=1958"}],"wp:featuredmedia":[{"embeddable":true,"href":"https:\/\/new.nowdevenezuela.com\/index.php\/wp-json\/wp\/v2\/media\/1373"}],"wp:attachment":[{"href":"https:\/\/new.nowdevenezuela.com\/index.php\/wp-json\/wp\/v2\/media?parent=1958"}],"wp:term":[{"taxonomy":"product_brand","embeddable":true,"href":"https:\/\/new.nowdevenezuela.com\/index.php\/wp-json\/wp\/v2\/product_brand?post=1958"},{"taxonomy":"product_cat","embeddable":true,"href":"https:\/\/new.nowdevenezuela.com\/index.php\/wp-json\/wp\/v2\/product_cat?post=1958"},{"taxonomy":"product_tag","embeddable":true,"href":"https:\/\/new.nowdevenezuela.com\/index.php\/wp-json\/wp\/v2\/product_tag?post=1958"}],"curies":[{"name":"wp","href":"https:\/\/api.w.org\/{rel}","templated":true}]}}