{"id":1957,"date":"2025-12-11T15:59:03","date_gmt":"2025-12-11T19:59:03","guid":{"rendered":"https:\/\/new.nowdevenezuela.com\/?post_type=product&#038;p=1957"},"modified":"2025-12-11T15:59:06","modified_gmt":"2025-12-11T19:59:06","slug":"gaba-masticable-sabor-a-naranja-90-capsulas-vegetales","status":"publish","type":"product","link":"https:\/\/new.nowdevenezuela.com\/index.php\/product\/gaba-masticable-sabor-a-naranja-90-capsulas-vegetales\/","title":{"rendered":"GABA masticable (sabor a naranja) 90 c\u00e1psulas vegetales"},"content":{"rendered":"<p><strong>Presentaci\u00f3n:\u00a0<\/strong><\/p>\n<p>\u00e1cido gamma-aminobut\u00edrico, 9 tabletas masticables (sabor a naranja)<\/p>\n<p><strong>Modo de Uso:<\/strong><\/p>\n<p>&#8211;\u00a0 Tome 2 comprimidos masticables 1 o 2 veces al d\u00eda seg\u00fan sea necesario, preferiblemente con jugo o agua y en ayunas. Gu\u00e1rdelo en un lugar fresco y seco despu\u00e9s de abrirlo.<\/p>\n<p><strong>Fecha de vencimiento:<\/strong><\/p>\n<p>&#8211;\u00a0 Este producto tiene una fecha de vencimiento de 01\/11\/2027<\/p>\n","protected":false},"excerpt":{"rendered":"<p><span style=\"font-weight: 400\">&#8211;\u00a0 El (\u00e1cido gamma-aminobut\u00edrico) es un amino\u00e1cido no proteico que funciona como un neurotransmisor en el cerebro humano. <\/span><\/p>\n<p><span style=\"font-weight: 400\">&#8211;\u00a0 El GABA se produce naturalmente en el cuerpo y su presencia dentro del sistema nervioso central puede ayudar a promover la relajaci\u00f3n y aliviar la tensi\u00f3n nerviosa.<\/span><\/p>\n<p><span style=\"font-weight: 400\">&#8211;\u00a0 Esta presentaci\u00f3n sabor a naranja, combina este neurotransmisor natural con los amino\u00e1cidos relajantes taurina y teanina para sus funciones complementarias. <\/span><span style=\"font-weight: 400\">Puede ocurrir una variaci\u00f3n de color natural en este producto.<\/span><\/p>\n","protected":false},"featured_media":1370,"comment_status":"closed","ping_status":"closed","template":"","meta":[],"product_brand":[],"product_cat":[56,77],"product_tag":[],"class_list":{"0":"post-1957","1":"product","2":"type-product","3":"status-publish","4":"has-post-thumbnail","6":"product_cat-metabolica","7":"product_cat-salud-cerebral","9":"first","10":"instock","11":"shipping-taxable","12":"purchasable","13":"product-type-simple"},"_links":{"self":[{"href":"https:\/\/new.nowdevenezuela.com\/index.php\/wp-json\/wp\/v2\/product\/1957","targetHints":{"allow":["GET"]}}],"collection":[{"href":"https:\/\/new.nowdevenezuela.com\/index.php\/wp-json\/wp\/v2\/product"}],"about":[{"href":"https:\/\/new.nowdevenezuela.com\/index.php\/wp-json\/wp\/v2\/types\/product"}],"replies":[{"embeddable":true,"href":"https:\/\/new.nowdevenezuela.com\/index.php\/wp-json\/wp\/v2\/comments?post=1957"}],"wp:featuredmedia":[{"embeddable":true,"href":"https:\/\/new.nowdevenezuela.com\/index.php\/wp-json\/wp\/v2\/media\/1370"}],"wp:attachment":[{"href":"https:\/\/new.nowdevenezuela.com\/index.php\/wp-json\/wp\/v2\/media?parent=1957"}],"wp:term":[{"taxonomy":"product_brand","embeddable":true,"href":"https:\/\/new.nowdevenezuela.com\/index.php\/wp-json\/wp\/v2\/product_brand?post=1957"},{"taxonomy":"product_cat","embeddable":true,"href":"https:\/\/new.nowdevenezuela.com\/index.php\/wp-json\/wp\/v2\/product_cat?post=1957"},{"taxonomy":"product_tag","embeddable":true,"href":"https:\/\/new.nowdevenezuela.com\/index.php\/wp-json\/wp\/v2\/product_tag?post=1957"}],"curies":[{"name":"wp","href":"https:\/\/api.w.org\/{rel}","templated":true}]}}