{"id":1955,"date":"2025-12-11T15:59:02","date_gmt":"2025-12-11T19:59:02","guid":{"rendered":"https:\/\/new.nowdevenezuela.com\/?post_type=product&#038;p=1955"},"modified":"2025-12-11T15:59:06","modified_gmt":"2025-12-11T19:59:06","slug":"selenio-200-mcg-90-capsulas-vegetales","status":"publish","type":"product","link":"https:\/\/new.nowdevenezuela.com\/index.php\/product\/selenio-200-mcg-90-capsulas-vegetales\/","title":{"rendered":"Selenio 200 mcg 90 c\u00e1psulas vegetales"},"content":{"rendered":"<p><strong>Presentaci\u00f3n:\u00a0<\/strong><\/p>\n<p>Selenio 200 mcg, 90 c\u00e1psulas vegetales.<\/p>\n<p><strong>Modo de Uso:<\/strong><\/p>\n<p>&#8211;\u00a0 Tomar 1 c\u00e1psula al d\u00eda con una comida. Conservar en un lugar fresco y seco despu\u00e9s de abrir.<\/p>\n<p><strong>Fecha de vencimiento:<\/strong><\/p>\n<p>&#8211;\u00a0 Este producto tiene una fecha de vencimiento de 01\/11\/2027<\/p>\n","protected":false},"excerpt":{"rendered":"<p><span style=\"font-weight: 400\">&#8211;\u00a0 El Selenio es un mineral esencial con propiedades antioxidantes y antiinflamatorias. Juega un papel importante en la funci\u00f3n\u00a0 de la tiroides, sistema reproductivo y sistema inmunol\u00f3gico. <\/span><\/p>\n<p><span style=\"font-weight: 400\">\u00a0&#8211; Mantener una concentraci\u00f3n fisiol\u00f3gica\u00a0 adecuada de selenio es importante para prevenir enfermedades de la tiroides y preservar la salud en general.<\/span><\/p>\n<p><span style=\"font-weight: 400\">&#8211;\u00a0 Se ha comprobado que el selenio en la forma de L-selenomethionine tiene mejor absorci\u00f3n a otras formas de selenio.<\/span><\/p>\n","protected":false},"featured_media":1364,"comment_status":"closed","ping_status":"closed","template":"","meta":[],"product_brand":[],"product_cat":[30],"product_tag":[],"class_list":{"0":"post-1955","1":"product","2":"type-product","3":"status-publish","4":"has-post-thumbnail","6":"product_cat-especialidades","8":"first","9":"instock","10":"shipping-taxable","11":"purchasable","12":"product-type-simple"},"_links":{"self":[{"href":"https:\/\/new.nowdevenezuela.com\/index.php\/wp-json\/wp\/v2\/product\/1955","targetHints":{"allow":["GET"]}}],"collection":[{"href":"https:\/\/new.nowdevenezuela.com\/index.php\/wp-json\/wp\/v2\/product"}],"about":[{"href":"https:\/\/new.nowdevenezuela.com\/index.php\/wp-json\/wp\/v2\/types\/product"}],"replies":[{"embeddable":true,"href":"https:\/\/new.nowdevenezuela.com\/index.php\/wp-json\/wp\/v2\/comments?post=1955"}],"wp:featuredmedia":[{"embeddable":true,"href":"https:\/\/new.nowdevenezuela.com\/index.php\/wp-json\/wp\/v2\/media\/1364"}],"wp:attachment":[{"href":"https:\/\/new.nowdevenezuela.com\/index.php\/wp-json\/wp\/v2\/media?parent=1955"}],"wp:term":[{"taxonomy":"product_brand","embeddable":true,"href":"https:\/\/new.nowdevenezuela.com\/index.php\/wp-json\/wp\/v2\/product_brand?post=1955"},{"taxonomy":"product_cat","embeddable":true,"href":"https:\/\/new.nowdevenezuela.com\/index.php\/wp-json\/wp\/v2\/product_cat?post=1955"},{"taxonomy":"product_tag","embeddable":true,"href":"https:\/\/new.nowdevenezuela.com\/index.php\/wp-json\/wp\/v2\/product_tag?post=1955"}],"curies":[{"name":"wp","href":"https:\/\/api.w.org\/{rel}","templated":true}]}}