{"id":1952,"date":"2025-12-11T15:59:02","date_gmt":"2025-12-11T19:59:02","guid":{"rendered":"https:\/\/new.nowdevenezuela.com\/?post_type=product&#038;p=1952"},"modified":"2025-12-11T15:59:05","modified_gmt":"2025-12-11T19:59:05","slug":"folato-de-metilo","status":"publish","type":"product","link":"https:\/\/new.nowdevenezuela.com\/index.php\/product\/folato-de-metilo\/","title":{"rendered":"Folato de Metilo"},"content":{"rendered":"<p><strong>Presentaci\u00f3n:\u00a0<\/strong><\/p>\n<p>Folato de Metilo 1000mcg, 90 tabletas<\/p>\n<p><strong>Modo de Uso:<\/strong><\/p>\n<p>&#8211;\u00a0 Tomar 1 comprimido al d\u00eda con una comida. Cons\u00e9rvese en un lugar fresco y seco despu\u00e9s de abrirlo.<\/p>\n","protected":false},"excerpt":{"rendered":"<p><span style=\"font-weight: 400\">&#8211;\u00a0 El metilfolato es la forma biol\u00f3gicamente activa y natural de folato que se utiliza para funciones corporales fundamentales como la divisi\u00f3n celular normal y la s\u00edntesis de neurotransmisores y ADN.<\/span><\/p>\n<p><span style=\"font-weight: 400\">&#8211;\u00a0 A diferencia del \u00e1cido f\u00f3lico regular, se ha demostrado que el metilfolato penetra en la sangre. Ayudando\u00a0 a respaldar la salud neurol\u00f3gica.<\/span><\/p>\n","protected":false},"featured_media":1352,"comment_status":"closed","ping_status":"closed","template":"","meta":[],"product_brand":[],"product_cat":[56],"product_tag":[],"class_list":{"0":"post-1952","1":"product","2":"type-product","3":"status-publish","4":"has-post-thumbnail","6":"product_cat-metabolica","8":"first","9":"instock","10":"shipping-taxable","11":"purchasable","12":"product-type-simple"},"_links":{"self":[{"href":"https:\/\/new.nowdevenezuela.com\/index.php\/wp-json\/wp\/v2\/product\/1952","targetHints":{"allow":["GET"]}}],"collection":[{"href":"https:\/\/new.nowdevenezuela.com\/index.php\/wp-json\/wp\/v2\/product"}],"about":[{"href":"https:\/\/new.nowdevenezuela.com\/index.php\/wp-json\/wp\/v2\/types\/product"}],"replies":[{"embeddable":true,"href":"https:\/\/new.nowdevenezuela.com\/index.php\/wp-json\/wp\/v2\/comments?post=1952"}],"wp:featuredmedia":[{"embeddable":true,"href":"https:\/\/new.nowdevenezuela.com\/index.php\/wp-json\/wp\/v2\/media\/1352"}],"wp:attachment":[{"href":"https:\/\/new.nowdevenezuela.com\/index.php\/wp-json\/wp\/v2\/media?parent=1952"}],"wp:term":[{"taxonomy":"product_brand","embeddable":true,"href":"https:\/\/new.nowdevenezuela.com\/index.php\/wp-json\/wp\/v2\/product_brand?post=1952"},{"taxonomy":"product_cat","embeddable":true,"href":"https:\/\/new.nowdevenezuela.com\/index.php\/wp-json\/wp\/v2\/product_cat?post=1952"},{"taxonomy":"product_tag","embeddable":true,"href":"https:\/\/new.nowdevenezuela.com\/index.php\/wp-json\/wp\/v2\/product_tag?post=1952"}],"curies":[{"name":"wp","href":"https:\/\/api.w.org\/{rel}","templated":true}]}}