{"id":1949,"date":"2025-12-11T15:58:56","date_gmt":"2025-12-11T19:58:56","guid":{"rendered":"https:\/\/new.nowdevenezuela.com\/?post_type=product&#038;p=1949"},"modified":"2025-12-11T15:59:02","modified_gmt":"2025-12-11T19:59:02","slug":"d-manosa-soporte-urinario-500mg-60-capsulas-vegetales","status":"publish","type":"product","link":"https:\/\/new.nowdevenezuela.com\/index.php\/product\/d-manosa-soporte-urinario-500mg-60-capsulas-vegetales\/","title":{"rendered":"D-Manosa (soporte urinario) 500mg 60 c\u00e1psulas vegetales"},"content":{"rendered":"<p><strong>Presentaci\u00f3n:<\/strong><\/p>\n<p>&#8211;\u00a0 D-Manosa Soporte urinario 500mg. 60 capsulas vegetales.<\/p>\n<p><strong>Modo de uso:<\/strong><\/p>\n<p>&#8211;\u00a0 Tomar 3 c\u00e1psulas de 1 a 3 veces al d\u00eda. Tomar con agua o jugo sin az\u00facar, como jugo de ar\u00e1ndano sin az\u00facar.<\/p>\n","protected":false},"excerpt":{"rendered":"<p><span style=\"font-weight: 400\">&#8211;\u00a0 La D-manosa es un az\u00facar simple natural que su cuerpo utiliza para ayudar a limpiar el tracto urinario y mantener un revestimiento saludable de la vejiga. <\/span><\/p>\n<p><span style=\"font-weight: 400\">&#8211;\u00a0 Los estudios cl\u00ednicos han demostrado que, cuando se toma regularmente, la D-manosa promueve la funci\u00f3n normal del tracto urinario al limpiar y mantener la salud del revestimiento de la vejiga.<\/span><\/p>\n<p><span style=\"font-weight: 400\">&#8211;\u00a0 Pueden producirse variaciones de color naturales en este producto.<\/span><\/p>\n","protected":false},"featured_media":1342,"comment_status":"closed","ping_status":"closed","template":"","meta":[],"product_brand":[],"product_cat":[30],"product_tag":[],"class_list":{"0":"post-1949","1":"product","2":"type-product","3":"status-publish","4":"has-post-thumbnail","6":"product_cat-especialidades","8":"first","9":"instock","10":"shipping-taxable","11":"purchasable","12":"product-type-simple"},"_links":{"self":[{"href":"https:\/\/new.nowdevenezuela.com\/index.php\/wp-json\/wp\/v2\/product\/1949","targetHints":{"allow":["GET"]}}],"collection":[{"href":"https:\/\/new.nowdevenezuela.com\/index.php\/wp-json\/wp\/v2\/product"}],"about":[{"href":"https:\/\/new.nowdevenezuela.com\/index.php\/wp-json\/wp\/v2\/types\/product"}],"replies":[{"embeddable":true,"href":"https:\/\/new.nowdevenezuela.com\/index.php\/wp-json\/wp\/v2\/comments?post=1949"}],"wp:featuredmedia":[{"embeddable":true,"href":"https:\/\/new.nowdevenezuela.com\/index.php\/wp-json\/wp\/v2\/media\/1342"}],"wp:attachment":[{"href":"https:\/\/new.nowdevenezuela.com\/index.php\/wp-json\/wp\/v2\/media?parent=1949"}],"wp:term":[{"taxonomy":"product_brand","embeddable":true,"href":"https:\/\/new.nowdevenezuela.com\/index.php\/wp-json\/wp\/v2\/product_brand?post=1949"},{"taxonomy":"product_cat","embeddable":true,"href":"https:\/\/new.nowdevenezuela.com\/index.php\/wp-json\/wp\/v2\/product_cat?post=1949"},{"taxonomy":"product_tag","embeddable":true,"href":"https:\/\/new.nowdevenezuela.com\/index.php\/wp-json\/wp\/v2\/product_tag?post=1949"}],"curies":[{"name":"wp","href":"https:\/\/api.w.org\/{rel}","templated":true}]}}