{"id":1945,"date":"2025-12-11T15:58:55","date_gmt":"2025-12-11T19:58:55","guid":{"rendered":"https:\/\/new.nowdevenezuela.com\/?post_type=product&#038;p=1945"},"modified":"2025-12-11T15:59:01","modified_gmt":"2025-12-11T19:59:01","slug":"betaine-hcl-648-mg-120-capsulas-vegetales","status":"publish","type":"product","link":"https:\/\/new.nowdevenezuela.com\/index.php\/product\/betaine-hcl-648-mg-120-capsulas-vegetales\/","title":{"rendered":"Betaine HCl 648 mg 120 c\u00e1psulas vegetales"},"content":{"rendered":"<p><strong>Presentaci\u00f3n:<\/strong><\/p>\n<p>&#8211;\u00a0 Beta\u00edna HCI. 120 C\u00e1psulas vegetales.<\/p>\n<p><strong>Modo de Uso:<\/strong><\/p>\n<p>&#8211;\u00a0 Tomar 1 c\u00e1psula 1 a 2 veces al d\u00eda entre comidas o en ayunas. Refrigere para mantener la potencia.<\/p>\n<p><strong>Fecha de vencimiento:<\/strong><\/p>\n<p>&#8211;\u00a0 Este producto tiene una fecha de vencimiento de 01\/11\/2027<\/p>\n","protected":false},"excerpt":{"rendered":"<p><span style=\"font-weight: 400\">&#8211;\u00a0 Betaine HCl est\u00e1 formulado para respaldar las condiciones digestivas adecuadas en el est\u00f3mago. <\/span><\/p>\n<p><span style=\"font-weight: 400\">&#8211;\u00a0 El \u00e1cido clorh\u00eddrico (HCl) normalmente se produce en el est\u00f3mago, donde ayuda a la digesti\u00f3n de prote\u00ednas al activar la pepsina, ayuda a mantener un equilibrio saludable de la flora intestinal y estimula la liberaci\u00f3n de enzimas intestinales.\u00a0 HCl tiende a disminuir con la edad, por lo que complementar con HCl y pepsina puede ayudar a mantener la funci\u00f3n digestiva normal<\/span><\/p>\n<p><span style=\"font-weight: 400\">&#8211;\u00a0 Puede haber variaciones de color naturales en este producto.<\/span><\/p>\n","protected":false},"featured_media":1330,"comment_status":"closed","ping_status":"closed","template":"","meta":[],"product_brand":[],"product_cat":[62,76],"product_tag":[],"class_list":{"0":"post-1945","1":"product","2":"type-product","3":"status-publish","4":"has-post-thumbnail","6":"product_cat-salud-digestiva","7":"product_cat-salud-intestinal","9":"first","10":"instock","11":"shipping-taxable","12":"purchasable","13":"product-type-simple"},"_links":{"self":[{"href":"https:\/\/new.nowdevenezuela.com\/index.php\/wp-json\/wp\/v2\/product\/1945","targetHints":{"allow":["GET"]}}],"collection":[{"href":"https:\/\/new.nowdevenezuela.com\/index.php\/wp-json\/wp\/v2\/product"}],"about":[{"href":"https:\/\/new.nowdevenezuela.com\/index.php\/wp-json\/wp\/v2\/types\/product"}],"replies":[{"embeddable":true,"href":"https:\/\/new.nowdevenezuela.com\/index.php\/wp-json\/wp\/v2\/comments?post=1945"}],"wp:featuredmedia":[{"embeddable":true,"href":"https:\/\/new.nowdevenezuela.com\/index.php\/wp-json\/wp\/v2\/media\/1330"}],"wp:attachment":[{"href":"https:\/\/new.nowdevenezuela.com\/index.php\/wp-json\/wp\/v2\/media?parent=1945"}],"wp:term":[{"taxonomy":"product_brand","embeddable":true,"href":"https:\/\/new.nowdevenezuela.com\/index.php\/wp-json\/wp\/v2\/product_brand?post=1945"},{"taxonomy":"product_cat","embeddable":true,"href":"https:\/\/new.nowdevenezuela.com\/index.php\/wp-json\/wp\/v2\/product_cat?post=1945"},{"taxonomy":"product_tag","embeddable":true,"href":"https:\/\/new.nowdevenezuela.com\/index.php\/wp-json\/wp\/v2\/product_tag?post=1945"}],"curies":[{"name":"wp","href":"https:\/\/api.w.org\/{rel}","templated":true}]}}