{"id":1936,"date":"2025-12-11T15:58:54","date_gmt":"2025-12-11T19:58:54","guid":{"rendered":"https:\/\/new.nowdevenezuela.com\/?post_type=product&#038;p=1936"},"modified":"2025-12-11T15:58:59","modified_gmt":"2025-12-11T19:58:59","slug":"pasta-de-dientes-xyliwhite-coconut-oil","status":"publish","type":"product","link":"https:\/\/new.nowdevenezuela.com\/index.php\/product\/pasta-de-dientes-xyliwhite-coconut-oil\/","title":{"rendered":"pasta de dientes XyliWhite\u2122 Coconut Oil"},"content":{"rendered":"<p><strong>Presentaci\u00f3n:<\/strong><\/p>\n<p>&#8211;\u00a0 Crema dental con aceite de coco, 1 onza<\/p>\n<p><strong>Modo de Uso:<\/strong><\/p>\n<p>&#8211;\u00a0 Adultos y ni\u00f1os de 2 a\u00f1os en adelante: aplique la pasta de dientes en gel XyliWhite\u2122 en un cepillo de dientes de cerdas suaves. Cep\u00edllese bien despu\u00e9s de las comidas, al menos dos veces al d\u00eda, o seg\u00fan las indicaciones de su dentista.<\/p>\n<p><strong>Fecha de vencimiento:<\/strong><\/p>\n<p>&#8211;\u00a0 Este producto tiene una fecha de vencimiento de 01\/01\/2028<\/p>\n","protected":false},"excerpt":{"rendered":"<p>&#8216;-\u00a0 XyliWhite\u2122 es una extraordinaria pasta de dientes en gel sin fl\u00faor que utiliza xilitol natural como ingrediente principal.<\/p>\n<p>&#8211;\u00a0 Ingredientes funcionales: xilitol (25%), papa\u00edna (blanqueante).<\/p>\n<p>&#8211;\u00a0 \u00a0Formulado con los ingredientes m\u00e1s puros. Libre de SLS (lauril sulfato de sodio).<\/p>\n","protected":false},"featured_media":1303,"comment_status":"closed","ping_status":"closed","template":"","meta":[],"product_brand":[],"product_cat":[83],"product_tag":[],"class_list":{"0":"post-1936","1":"product","2":"type-product","3":"status-publish","4":"has-post-thumbnail","6":"product_cat-salud-y-belleza","8":"first","9":"instock","10":"shipping-taxable","11":"purchasable","12":"product-type-simple"},"_links":{"self":[{"href":"https:\/\/new.nowdevenezuela.com\/index.php\/wp-json\/wp\/v2\/product\/1936","targetHints":{"allow":["GET"]}}],"collection":[{"href":"https:\/\/new.nowdevenezuela.com\/index.php\/wp-json\/wp\/v2\/product"}],"about":[{"href":"https:\/\/new.nowdevenezuela.com\/index.php\/wp-json\/wp\/v2\/types\/product"}],"replies":[{"embeddable":true,"href":"https:\/\/new.nowdevenezuela.com\/index.php\/wp-json\/wp\/v2\/comments?post=1936"}],"wp:featuredmedia":[{"embeddable":true,"href":"https:\/\/new.nowdevenezuela.com\/index.php\/wp-json\/wp\/v2\/media\/1303"}],"wp:attachment":[{"href":"https:\/\/new.nowdevenezuela.com\/index.php\/wp-json\/wp\/v2\/media?parent=1936"}],"wp:term":[{"taxonomy":"product_brand","embeddable":true,"href":"https:\/\/new.nowdevenezuela.com\/index.php\/wp-json\/wp\/v2\/product_brand?post=1936"},{"taxonomy":"product_cat","embeddable":true,"href":"https:\/\/new.nowdevenezuela.com\/index.php\/wp-json\/wp\/v2\/product_cat?post=1936"},{"taxonomy":"product_tag","embeddable":true,"href":"https:\/\/new.nowdevenezuela.com\/index.php\/wp-json\/wp\/v2\/product_tag?post=1936"}],"curies":[{"name":"wp","href":"https:\/\/api.w.org\/{rel}","templated":true}]}}