{"id":1931,"date":"2025-12-11T15:58:53","date_gmt":"2025-12-11T19:58:53","guid":{"rendered":"https:\/\/new.nowdevenezuela.com\/?post_type=product&#038;p=1931"},"modified":"2025-12-11T15:58:58","modified_gmt":"2025-12-11T19:58:58","slug":"super-omega-epa-1200mg-360-240","status":"publish","type":"product","link":"https:\/\/new.nowdevenezuela.com\/index.php\/product\/super-omega-epa-1200mg-360-240\/","title":{"rendered":"Super Omega EPA 1200mg 360\/240"},"content":{"rendered":"<p><strong>Presentaci\u00f3n:<\/strong><\/p>\n<p>&#8211;\u00a0 Omega 3 360 EPA\/240 DHA, 120 Capsulas blandas.<\/p>\n<p><strong>Modo de Uso:<\/strong><\/p>\n<p>&#8211;\u00a0 Tomar 1 tableta al d\u00eda con una comida. Conservar en un lugar fresco y seco despu\u00e9s de abrir.<\/p>\n<p><strong>Fecha de vencimiento:<\/strong><\/p>\n<p>&#8211;\u00a0 Este producto tiene una fecha de vencimiento de 01\/01\/2026<\/p>\n","protected":false},"excerpt":{"rendered":"<p>&#8216;-\u00a0 El consumo combinado de EPA y DHA puede ayudar a reducir la presi\u00f3n arterial en la poblaci\u00f3n general y reducir el riesgo de hipertensi\u00f3n Una porci\u00f3n de Super Omega EPA proporciona 1,2 gramos de EPA y DHA.<\/p>\n<p>&#8211;\u00a0 Este concentrado de aceite de pescado natural se fabrica bajo estrictos est\u00e1ndares de control de calidad.<\/p>\n","protected":false},"featured_media":1288,"comment_status":"closed","ping_status":"closed","template":"","meta":[],"product_brand":[],"product_cat":[54,44],"product_tag":[],"class_list":{"0":"post-1931","1":"product","2":"type-product","3":"status-publish","4":"has-post-thumbnail","6":"product_cat-cardiovascular","7":"product_cat-inmunologica","9":"first","10":"instock","11":"shipping-taxable","12":"purchasable","13":"product-type-simple"},"_links":{"self":[{"href":"https:\/\/new.nowdevenezuela.com\/index.php\/wp-json\/wp\/v2\/product\/1931","targetHints":{"allow":["GET"]}}],"collection":[{"href":"https:\/\/new.nowdevenezuela.com\/index.php\/wp-json\/wp\/v2\/product"}],"about":[{"href":"https:\/\/new.nowdevenezuela.com\/index.php\/wp-json\/wp\/v2\/types\/product"}],"replies":[{"embeddable":true,"href":"https:\/\/new.nowdevenezuela.com\/index.php\/wp-json\/wp\/v2\/comments?post=1931"}],"wp:featuredmedia":[{"embeddable":true,"href":"https:\/\/new.nowdevenezuela.com\/index.php\/wp-json\/wp\/v2\/media\/1288"}],"wp:attachment":[{"href":"https:\/\/new.nowdevenezuela.com\/index.php\/wp-json\/wp\/v2\/media?parent=1931"}],"wp:term":[{"taxonomy":"product_brand","embeddable":true,"href":"https:\/\/new.nowdevenezuela.com\/index.php\/wp-json\/wp\/v2\/product_brand?post=1931"},{"taxonomy":"product_cat","embeddable":true,"href":"https:\/\/new.nowdevenezuela.com\/index.php\/wp-json\/wp\/v2\/product_cat?post=1931"},{"taxonomy":"product_tag","embeddable":true,"href":"https:\/\/new.nowdevenezuela.com\/index.php\/wp-json\/wp\/v2\/product_tag?post=1931"}],"curies":[{"name":"wp","href":"https:\/\/api.w.org\/{rel}","templated":true}]}}