{"id":1930,"date":"2025-12-11T15:58:53","date_gmt":"2025-12-11T19:58:53","guid":{"rendered":"https:\/\/new.nowdevenezuela.com\/?post_type=product&#038;p=1930"},"modified":"2025-12-11T15:58:58","modified_gmt":"2025-12-11T19:58:58","slug":"ultra-omega-3-salud-cardiaca-y-cerebral-90-capsulas-blandas","status":"publish","type":"product","link":"https:\/\/new.nowdevenezuela.com\/index.php\/product\/ultra-omega-3-salud-cardiaca-y-cerebral-90-capsulas-blandas\/","title":{"rendered":"Ultra Omega 3 (salud cardiaca y cerebral)  90 c\u00e1psulas blandas"},"content":{"rendered":"<p><strong>Presentaci\u00f3n:<\/strong><\/p>\n<p>&#8211;\u00a0 Omega 3 500 EPA\/250 DHA, 90 Capsulas blandas.<\/p>\n<p><strong>Modo de Uso:<\/strong><\/p>\n<p>&#8211;\u00a0 Tomar 1 tableta al d\u00eda con una comida. Conservar en un lugar fresco y seco despu\u00e9s de abrir.<\/p>\n<p>&nbsp;<\/p>\n","protected":false},"excerpt":{"rendered":"<p>&#8216;-\u00a0 Las c\u00e1psulas blandas NOW\u00ae Ultra Omega-3 contienen 500 EPA y 250 DHA.<\/p>\n<p>&#8211;\u00a0 Este suplemento destilado molecularmente viene en c\u00e1psulas blandas con recubrimiento ent\u00e9rico y respalda la salud del cerebro. El concentrado de aceite de pescado natural utilizado en esta c\u00e1psula blanda se fabrica bajo estrictos est\u00e1ndares de control de calidad.<\/p>\n<p>&#8211;\u00a0 Se ha probado que est\u00e1 libre de niveles potencialmente da\u00f1inos de contaminantes (es decir, mercurio, metales pesados, PCB, dioxinas y otros contaminantes).<\/p>\n","protected":false},"featured_media":1284,"comment_status":"closed","ping_status":"closed","template":"","meta":[],"product_brand":[],"product_cat":[54,44,46],"product_tag":[],"class_list":{"0":"post-1930","1":"product","2":"type-product","3":"status-publish","4":"has-post-thumbnail","6":"product_cat-cardiovascular","7":"product_cat-inmunologica","8":"product_cat-mas-vendido","10":"first","11":"instock","12":"shipping-taxable","13":"purchasable","14":"product-type-simple"},"_links":{"self":[{"href":"https:\/\/new.nowdevenezuela.com\/index.php\/wp-json\/wp\/v2\/product\/1930","targetHints":{"allow":["GET"]}}],"collection":[{"href":"https:\/\/new.nowdevenezuela.com\/index.php\/wp-json\/wp\/v2\/product"}],"about":[{"href":"https:\/\/new.nowdevenezuela.com\/index.php\/wp-json\/wp\/v2\/types\/product"}],"replies":[{"embeddable":true,"href":"https:\/\/new.nowdevenezuela.com\/index.php\/wp-json\/wp\/v2\/comments?post=1930"}],"wp:featuredmedia":[{"embeddable":true,"href":"https:\/\/new.nowdevenezuela.com\/index.php\/wp-json\/wp\/v2\/media\/1284"}],"wp:attachment":[{"href":"https:\/\/new.nowdevenezuela.com\/index.php\/wp-json\/wp\/v2\/media?parent=1930"}],"wp:term":[{"taxonomy":"product_brand","embeddable":true,"href":"https:\/\/new.nowdevenezuela.com\/index.php\/wp-json\/wp\/v2\/product_brand?post=1930"},{"taxonomy":"product_cat","embeddable":true,"href":"https:\/\/new.nowdevenezuela.com\/index.php\/wp-json\/wp\/v2\/product_cat?post=1930"},{"taxonomy":"product_tag","embeddable":true,"href":"https:\/\/new.nowdevenezuela.com\/index.php\/wp-json\/wp\/v2\/product_tag?post=1930"}],"curies":[{"name":"wp","href":"https:\/\/api.w.org\/{rel}","templated":true}]}}