{"id":1929,"date":"2025-12-11T15:58:53","date_gmt":"2025-12-11T19:58:53","guid":{"rendered":"https:\/\/new.nowdevenezuela.com\/?post_type=product&#038;p=1929"},"modified":"2025-12-11T15:58:58","modified_gmt":"2025-12-11T19:58:58","slug":"vitamina-b-50-apoyo-al-sistema-nervioso-100-tabletas","status":"publish","type":"product","link":"https:\/\/new.nowdevenezuela.com\/index.php\/product\/vitamina-b-50-apoyo-al-sistema-nervioso-100-tabletas\/","title":{"rendered":"Vitamina B-50 (apoyo al sistema nervioso) 100 tabletas"},"content":{"rendered":"<p><strong>Presentaci\u00f3n:<\/strong><\/p>\n<p>&#8211;\u00a0 Vitamina B-50, 100 tabletas.<\/p>\n<p><strong>Modo de Uso:<\/strong><\/p>\n<p>&#8211;\u00a0 Tomar 1 tableta al d\u00eda con una comida. Conservar en un lugar fresco y seco despu\u00e9s de abrir.<\/p>\n<p><strong>Fecha de vencimiento:<\/strong><\/p>\n<p>&#8211;\u00a0 Este producto tiene una fecha de vencimiento de 03\/09\/2028<\/p>\n","protected":false},"excerpt":{"rendered":"<p>&#8216;-\u00a0 Proporcionan un complemento completo de vitaminas B adem\u00e1s de colina e inositol, tambi\u00e9n incluye 400 mcg de \u00e1cido f\u00f3lico.<\/p>\n<p>&#8211;\u00a0 Estas vitaminas trabajan para apoyar la producci\u00f3n de energ\u00eda, mantener un metabolismo saludable de la homociste\u00edna y promover la salud del sistema nervioso.<\/p>\n<p>&#8211;\u00a0 Las vitaminas B son solubles en agua y, con la excepci\u00f3n de la B-12, tienen un almacenamiento limitado en el cuerpo y, por lo tanto, requieren reposici\u00f3n diaria.<\/p>\n","protected":false},"featured_media":1282,"comment_status":"closed","ping_status":"closed","template":"","meta":[],"product_brand":[],"product_cat":[30],"product_tag":[],"class_list":{"0":"post-1929","1":"product","2":"type-product","3":"status-publish","4":"has-post-thumbnail","6":"product_cat-especialidades","8":"first","9":"instock","10":"shipping-taxable","11":"purchasable","12":"product-type-simple"},"_links":{"self":[{"href":"https:\/\/new.nowdevenezuela.com\/index.php\/wp-json\/wp\/v2\/product\/1929","targetHints":{"allow":["GET"]}}],"collection":[{"href":"https:\/\/new.nowdevenezuela.com\/index.php\/wp-json\/wp\/v2\/product"}],"about":[{"href":"https:\/\/new.nowdevenezuela.com\/index.php\/wp-json\/wp\/v2\/types\/product"}],"replies":[{"embeddable":true,"href":"https:\/\/new.nowdevenezuela.com\/index.php\/wp-json\/wp\/v2\/comments?post=1929"}],"wp:featuredmedia":[{"embeddable":true,"href":"https:\/\/new.nowdevenezuela.com\/index.php\/wp-json\/wp\/v2\/media\/1282"}],"wp:attachment":[{"href":"https:\/\/new.nowdevenezuela.com\/index.php\/wp-json\/wp\/v2\/media?parent=1929"}],"wp:term":[{"taxonomy":"product_brand","embeddable":true,"href":"https:\/\/new.nowdevenezuela.com\/index.php\/wp-json\/wp\/v2\/product_brand?post=1929"},{"taxonomy":"product_cat","embeddable":true,"href":"https:\/\/new.nowdevenezuela.com\/index.php\/wp-json\/wp\/v2\/product_cat?post=1929"},{"taxonomy":"product_tag","embeddable":true,"href":"https:\/\/new.nowdevenezuela.com\/index.php\/wp-json\/wp\/v2\/product_tag?post=1929"}],"curies":[{"name":"wp","href":"https:\/\/api.w.org\/{rel}","templated":true}]}}