{"id":1924,"date":"2025-12-11T15:58:52","date_gmt":"2025-12-11T19:58:52","guid":{"rendered":"https:\/\/new.nowdevenezuela.com\/?post_type=product&#038;p=1924"},"modified":"2025-12-11T15:58:57","modified_gmt":"2025-12-11T19:58:57","slug":"glicina-1000mg-100-capsulas-vegetales","status":"publish","type":"product","link":"https:\/\/new.nowdevenezuela.com\/index.php\/product\/glicina-1000mg-100-capsulas-vegetales\/","title":{"rendered":"Glicina 1000mg 100 c\u00e1psulas vegetales"},"content":{"rendered":"<p><strong>Presentaci\u00f3n:<\/strong><\/p>\n<p>&#8211;\u00a0 \u00a0Glicina de 1000 mg, 100 capsulas vegetales.<\/p>\n<p><strong>Modo de uso:<\/strong><\/p>\n<p>&#8211;\u00a0 Tomar de 1 a 3 c\u00e1psulas blandas al d\u00eda con una comida. Conservar en un lugar fresco y seco despu\u00e9s de abrir.<\/p>\n<p>&nbsp;<\/p>\n","protected":false},"excerpt":{"rendered":"<p>&#8216;-\u00a0 La glicina es el amino\u00e1cido m\u00e1s peque\u00f1o y simple, lo que lo hace vers\u00e1til para su uso en una amplia gama de funciones. Funciona como un neurotransmisor calmante en el cerebro. , donde facilita los impulsos nerviosos y es importante para el mantenimiento de patrones de sue\u00f1o saludables.<\/p>\n<p>&#8211;\u00a0 Es necesaria para la producci\u00f3n de glutati\u00f3n, ADN, creatina, bilis, hemoglobina y la mayor\u00eda de las prote\u00ednas. Tambi\u00e9n ayuda a promover el almacenamiento de gluc\u00f3geno, lo que hace que la glucosa est\u00e9 f\u00e1cilmente disponible para la producci\u00f3n de energ\u00eda.<\/p>\n<p>&nbsp;<\/p>\n<p>&nbsp;<\/p>\n","protected":false},"featured_media":1265,"comment_status":"closed","ping_status":"closed","template":"","meta":[],"product_brand":[],"product_cat":[81],"product_tag":[],"class_list":{"0":"post-1924","1":"product","2":"type-product","3":"status-publish","4":"has-post-thumbnail","6":"product_cat-restaurador-del-sueno","8":"first","9":"instock","10":"shipping-taxable","11":"purchasable","12":"product-type-simple"},"_links":{"self":[{"href":"https:\/\/new.nowdevenezuela.com\/index.php\/wp-json\/wp\/v2\/product\/1924","targetHints":{"allow":["GET"]}}],"collection":[{"href":"https:\/\/new.nowdevenezuela.com\/index.php\/wp-json\/wp\/v2\/product"}],"about":[{"href":"https:\/\/new.nowdevenezuela.com\/index.php\/wp-json\/wp\/v2\/types\/product"}],"replies":[{"embeddable":true,"href":"https:\/\/new.nowdevenezuela.com\/index.php\/wp-json\/wp\/v2\/comments?post=1924"}],"wp:featuredmedia":[{"embeddable":true,"href":"https:\/\/new.nowdevenezuela.com\/index.php\/wp-json\/wp\/v2\/media\/1265"}],"wp:attachment":[{"href":"https:\/\/new.nowdevenezuela.com\/index.php\/wp-json\/wp\/v2\/media?parent=1924"}],"wp:term":[{"taxonomy":"product_brand","embeddable":true,"href":"https:\/\/new.nowdevenezuela.com\/index.php\/wp-json\/wp\/v2\/product_brand?post=1924"},{"taxonomy":"product_cat","embeddable":true,"href":"https:\/\/new.nowdevenezuela.com\/index.php\/wp-json\/wp\/v2\/product_cat?post=1924"},{"taxonomy":"product_tag","embeddable":true,"href":"https:\/\/new.nowdevenezuela.com\/index.php\/wp-json\/wp\/v2\/product_tag?post=1924"}],"curies":[{"name":"wp","href":"https:\/\/api.w.org\/{rel}","templated":true}]}}