{"id":1916,"date":"2025-12-11T15:58:45","date_gmt":"2025-12-11T19:58:45","guid":{"rendered":"https:\/\/new.nowdevenezuela.com\/?post_type=product&#038;p=1916"},"modified":"2025-12-11T15:58:51","modified_gmt":"2025-12-11T19:58:51","slug":"zinc-picolinate-apoyo-inmunologico-50mg-30-capsulas-vegetales","status":"publish","type":"product","link":"https:\/\/new.nowdevenezuela.com\/index.php\/product\/zinc-picolinate-apoyo-inmunologico-50mg-30-capsulas-vegetales\/","title":{"rendered":"Zinc Picolinate (apoyo inmunol\u00f3gico) 50mg 30 c\u00e1psulas vegetales"},"content":{"rendered":"<p style=\"text-align: left\"><strong>Presentaci\u00f3n:<\/strong><\/p>\n<p style=\"text-align: left\">&#8211;\u00a0 Envase de 30 capsulas vegetales de 50 mg.<\/p>\n<p style=\"text-align: left\"><strong>Modo de uso:<\/strong><\/p>\n<p style=\"text-align: left\">&#8211; Tomar 1 c\u00e1psula al d\u00eda con la comida.<\/p>\n","protected":false},"excerpt":{"rendered":"<p>&#8216;- El zinc es esencial para el funcionamiento normal de muchos \u00f3rganos y sistemas del cuerpo, incluidos los sistemas esquel\u00e9tico, inmunol\u00f3gico, neurol\u00f3gico y endocrino.<\/p>\n<p>-El zinc es un cofactor mineral necesario para cientos de reacciones enzim\u00e1ticas relacionadas con el metabolismo de prote\u00ednas y carbohidratos, la s\u00edntesis de ARN\/ADN y la se\u00f1alizaci\u00f3n intercelular<\/p>\n","protected":false},"featured_media":1240,"comment_status":"open","ping_status":"closed","template":"","meta":[],"product_brand":[],"product_cat":[44],"product_tag":[49,50,51],"class_list":{"0":"post-1916","1":"product","2":"type-product","3":"status-publish","4":"has-post-thumbnail","6":"product_cat-inmunologica","7":"product_tag-cicatrizacion","8":"product_tag-inmunologica","9":"product_tag-zinc-antiseptico-vitaminas-antioxidantes-menopausia","11":"first","12":"instock","13":"shipping-taxable","14":"purchasable","15":"product-type-simple"},"_links":{"self":[{"href":"https:\/\/new.nowdevenezuela.com\/index.php\/wp-json\/wp\/v2\/product\/1916","targetHints":{"allow":["GET"]}}],"collection":[{"href":"https:\/\/new.nowdevenezuela.com\/index.php\/wp-json\/wp\/v2\/product"}],"about":[{"href":"https:\/\/new.nowdevenezuela.com\/index.php\/wp-json\/wp\/v2\/types\/product"}],"replies":[{"embeddable":true,"href":"https:\/\/new.nowdevenezuela.com\/index.php\/wp-json\/wp\/v2\/comments?post=1916"}],"wp:featuredmedia":[{"embeddable":true,"href":"https:\/\/new.nowdevenezuela.com\/index.php\/wp-json\/wp\/v2\/media\/1240"}],"wp:attachment":[{"href":"https:\/\/new.nowdevenezuela.com\/index.php\/wp-json\/wp\/v2\/media?parent=1916"}],"wp:term":[{"taxonomy":"product_brand","embeddable":true,"href":"https:\/\/new.nowdevenezuela.com\/index.php\/wp-json\/wp\/v2\/product_brand?post=1916"},{"taxonomy":"product_cat","embeddable":true,"href":"https:\/\/new.nowdevenezuela.com\/index.php\/wp-json\/wp\/v2\/product_cat?post=1916"},{"taxonomy":"product_tag","embeddable":true,"href":"https:\/\/new.nowdevenezuela.com\/index.php\/wp-json\/wp\/v2\/product_tag?post=1916"}],"curies":[{"name":"wp","href":"https:\/\/api.w.org\/{rel}","templated":true}]}}