{"id":1914,"date":"2025-12-11T15:58:45","date_gmt":"2025-12-11T19:58:45","guid":{"rendered":"https:\/\/new.nowdevenezuela.com\/?post_type=product&#038;p=1914"},"modified":"2025-12-11T15:58:51","modified_gmt":"2025-12-11T19:58:51","slug":"mega-d-3-mk-7-5000-iu-60-capsulas-vegetales","status":"publish","type":"product","link":"https:\/\/new.nowdevenezuela.com\/index.php\/product\/mega-d-3-mk-7-5000-iu-60-capsulas-vegetales\/","title":{"rendered":"Mega D-3 &amp; MK-7 5000 IU 60 c\u00e1psulas vegetales"},"content":{"rendered":"<p style=\"text-align: left\"><strong>Presentaci\u00f3n:<\/strong><\/p>\n<p style=\"text-align: left\">&#8211;\u00a0 60 c\u00e1psulas vegetales de 5000 IU.<\/p>\n<p style=\"text-align: left\"><strong>Modo de uso:<\/strong><\/p>\n<p style=\"text-align: left\">&#8211; Tomar 1 c\u00e1psula al d\u00eda con una comida que contenga grasas.<\/p>\n<p>&#8211; Conservar en un lugar fresco y seco despu\u00e9s de abrir.<\/p>\n","protected":false},"excerpt":{"rendered":"<p>&#8216;- NOW\u00ae Mega D-3 y MK-7 combinan las vitaminas D-3 y K-2, dos nutrientes ampliamente investigados por su papel en la salud de los huesos, los dientes y el sistema cardiovascular.<\/p>\n<p>&#8211; La vitamina D-3 trabaja con el calcio para apoyar los huesos. salud y estudios m\u00e1s recientes indican que tambi\u00e9n es importante para la salud del sistema inmunol\u00f3gico.<\/p>\n<p>&#8211; MenaQ7\u00ae MK-7 es una forma \u00fanica de vitamina K-2 biodisponible y sin soya que desempe\u00f1a un papel fundamental en la salud arterial a trav\u00e9s de su capacidad para respaldar el metabolismo adecuado del calcio en los vasos sangu\u00edneos y las arterias.<\/p>\n","protected":false},"featured_media":1234,"comment_status":"open","ping_status":"closed","template":"","meta":[],"product_brand":[],"product_cat":[54,46],"product_tag":[],"class_list":{"0":"post-1914","1":"product","2":"type-product","3":"status-publish","4":"has-post-thumbnail","6":"product_cat-cardiovascular","7":"product_cat-mas-vendido","9":"first","10":"instock","11":"shipping-taxable","12":"purchasable","13":"product-type-simple"},"_links":{"self":[{"href":"https:\/\/new.nowdevenezuela.com\/index.php\/wp-json\/wp\/v2\/product\/1914","targetHints":{"allow":["GET"]}}],"collection":[{"href":"https:\/\/new.nowdevenezuela.com\/index.php\/wp-json\/wp\/v2\/product"}],"about":[{"href":"https:\/\/new.nowdevenezuela.com\/index.php\/wp-json\/wp\/v2\/types\/product"}],"replies":[{"embeddable":true,"href":"https:\/\/new.nowdevenezuela.com\/index.php\/wp-json\/wp\/v2\/comments?post=1914"}],"wp:featuredmedia":[{"embeddable":true,"href":"https:\/\/new.nowdevenezuela.com\/index.php\/wp-json\/wp\/v2\/media\/1234"}],"wp:attachment":[{"href":"https:\/\/new.nowdevenezuela.com\/index.php\/wp-json\/wp\/v2\/media?parent=1914"}],"wp:term":[{"taxonomy":"product_brand","embeddable":true,"href":"https:\/\/new.nowdevenezuela.com\/index.php\/wp-json\/wp\/v2\/product_brand?post=1914"},{"taxonomy":"product_cat","embeddable":true,"href":"https:\/\/new.nowdevenezuela.com\/index.php\/wp-json\/wp\/v2\/product_cat?post=1914"},{"taxonomy":"product_tag","embeddable":true,"href":"https:\/\/new.nowdevenezuela.com\/index.php\/wp-json\/wp\/v2\/product_tag?post=1914"}],"curies":[{"name":"wp","href":"https:\/\/api.w.org\/{rel}","templated":true}]}}