{"id":1911,"date":"2025-12-11T15:58:45","date_gmt":"2025-12-11T19:58:45","guid":{"rendered":"https:\/\/new.nowdevenezuela.com\/?post_type=product&#038;p=1911"},"modified":"2025-12-11T15:58:50","modified_gmt":"2025-12-11T19:58:50","slug":"vitamina-d-3-2000-iu-30-capsulas-blandas","status":"publish","type":"product","link":"https:\/\/new.nowdevenezuela.com\/index.php\/product\/vitamina-d-3-2000-iu-30-capsulas-blandas\/","title":{"rendered":"Vitamina D-3 2,000 IU 30 c\u00e1psulas blandas"},"content":{"rendered":"<p><strong>Presentaci\u00f3n:<\/strong><\/p>\n<p>&#8211;\u00a0 Envase de 30 c\u00e1psulas blandas de 2000 IU.<\/p>\n<p><strong>Modo de uso:<\/strong><\/p>\n<p>&#8211;\u00a0 Tome 1 c\u00e1psula blanda al d\u00eda con una comida.<\/p>\n<p>&#8211;\u00a0 Conservar en un lugar fresco y seco una vez abierto.<\/p>\n","protected":false},"excerpt":{"rendered":"<p>&#8216;-\u00a0 Las c\u00e1psulas blandas de vitamina D-3 de NOW\u00ae cuentan con una alta potencia debido a sus compuestos, lo que promueve la salud muscular.<\/p>\n<p>&#8211;\u00a0 La vitamina D normalmente se obtiene de la dieta o la produce la piel a partir de la energ\u00eda ultravioleta absorbida del sol. Sin embargo, no es abundante en los alimentos.<\/p>\n<p>&#8211;\u00a0 A medida que m\u00e1s personas evitan la exposici\u00f3n al sol, los suplementos de vitamina D se vuelven a\u00fan m\u00e1s necesarios para garantizar que su cuerpo reciba un suministro adecuado.<\/p>\n","protected":false},"featured_media":1225,"comment_status":"open","ping_status":"closed","template":"","meta":[],"product_brand":[],"product_cat":[44],"product_tag":[],"class_list":{"0":"post-1911","1":"product","2":"type-product","3":"status-publish","4":"has-post-thumbnail","6":"product_cat-inmunologica","8":"first","9":"instock","10":"shipping-taxable","11":"purchasable","12":"product-type-simple"},"_links":{"self":[{"href":"https:\/\/new.nowdevenezuela.com\/index.php\/wp-json\/wp\/v2\/product\/1911","targetHints":{"allow":["GET"]}}],"collection":[{"href":"https:\/\/new.nowdevenezuela.com\/index.php\/wp-json\/wp\/v2\/product"}],"about":[{"href":"https:\/\/new.nowdevenezuela.com\/index.php\/wp-json\/wp\/v2\/types\/product"}],"replies":[{"embeddable":true,"href":"https:\/\/new.nowdevenezuela.com\/index.php\/wp-json\/wp\/v2\/comments?post=1911"}],"wp:featuredmedia":[{"embeddable":true,"href":"https:\/\/new.nowdevenezuela.com\/index.php\/wp-json\/wp\/v2\/media\/1225"}],"wp:attachment":[{"href":"https:\/\/new.nowdevenezuela.com\/index.php\/wp-json\/wp\/v2\/media?parent=1911"}],"wp:term":[{"taxonomy":"product_brand","embeddable":true,"href":"https:\/\/new.nowdevenezuela.com\/index.php\/wp-json\/wp\/v2\/product_brand?post=1911"},{"taxonomy":"product_cat","embeddable":true,"href":"https:\/\/new.nowdevenezuela.com\/index.php\/wp-json\/wp\/v2\/product_cat?post=1911"},{"taxonomy":"product_tag","embeddable":true,"href":"https:\/\/new.nowdevenezuela.com\/index.php\/wp-json\/wp\/v2\/product_tag?post=1911"}],"curies":[{"name":"wp","href":"https:\/\/api.w.org\/{rel}","templated":true}]}}