{"id":1909,"date":"2025-12-11T15:58:45","date_gmt":"2025-12-11T19:58:45","guid":{"rendered":"https:\/\/new.nowdevenezuela.com\/?post_type=product&#038;p=1909"},"modified":"2025-12-11T15:58:50","modified_gmt":"2025-12-11T19:58:50","slug":"citrato-de-magnesio-134mg-90-capsulas-blandas","status":"publish","type":"product","link":"https:\/\/new.nowdevenezuela.com\/index.php\/product\/citrato-de-magnesio-134mg-90-capsulas-blandas\/","title":{"rendered":"Citrato de Magnesio 134mg 90 c\u00e1psulas blandas"},"content":{"rendered":"<p><strong>Presentaci\u00f3n:<\/strong><\/p>\n<p>&#8211;\u00a0 Envase de 90 tabletas de 134 mg.<\/p>\n<p><strong>Modo de uso:<\/strong><\/p>\n<p>&#8211;\u00a0 Tomar 2 comprimidos al d\u00eda con alimentos.<\/p>\n<p>&#8211;\u00a0 Conservar en un lugar fresco y seco una vez abierto.<\/p>\n<p>&nbsp;<\/p>\n","protected":false},"excerpt":{"rendered":"<p>&#8216;-\u00a0 El magnesio es un mineral fundamental para la producci\u00f3n de energ\u00eda y el metabolismo, la contracci\u00f3n muscular, la transmisi\u00f3n de impulsos nerviosos y la mineralizaci\u00f3n \u00f3sea. Es un cofactor necesario para unas 300 enzimas.<\/p>\n<p>&#8211;\u00a0 Entre las reacciones catalizadas estas enzimas son la s\u00edntesis de \u00e1cidos grasos, la s\u00edntesis de prote\u00ednas y el metabolismo de la glucosa.<\/p>\n<p>&#8211;\u00a0 El estado del magnesio tambi\u00e9n es importante para la regulaci\u00f3n del equilibrio del calcio a trav\u00e9s de sus efectos sobre la gl\u00e1ndula paratiroides.<\/p>\n","protected":false},"featured_media":1219,"comment_status":"open","ping_status":"closed","template":"","meta":[],"product_brand":[],"product_cat":[30],"product_tag":[],"class_list":{"0":"post-1909","1":"product","2":"type-product","3":"status-publish","4":"has-post-thumbnail","6":"product_cat-especialidades","8":"first","9":"instock","10":"shipping-taxable","11":"purchasable","12":"product-type-simple"},"_links":{"self":[{"href":"https:\/\/new.nowdevenezuela.com\/index.php\/wp-json\/wp\/v2\/product\/1909","targetHints":{"allow":["GET"]}}],"collection":[{"href":"https:\/\/new.nowdevenezuela.com\/index.php\/wp-json\/wp\/v2\/product"}],"about":[{"href":"https:\/\/new.nowdevenezuela.com\/index.php\/wp-json\/wp\/v2\/types\/product"}],"replies":[{"embeddable":true,"href":"https:\/\/new.nowdevenezuela.com\/index.php\/wp-json\/wp\/v2\/comments?post=1909"}],"wp:featuredmedia":[{"embeddable":true,"href":"https:\/\/new.nowdevenezuela.com\/index.php\/wp-json\/wp\/v2\/media\/1219"}],"wp:attachment":[{"href":"https:\/\/new.nowdevenezuela.com\/index.php\/wp-json\/wp\/v2\/media?parent=1909"}],"wp:term":[{"taxonomy":"product_brand","embeddable":true,"href":"https:\/\/new.nowdevenezuela.com\/index.php\/wp-json\/wp\/v2\/product_brand?post=1909"},{"taxonomy":"product_cat","embeddable":true,"href":"https:\/\/new.nowdevenezuela.com\/index.php\/wp-json\/wp\/v2\/product_cat?post=1909"},{"taxonomy":"product_tag","embeddable":true,"href":"https:\/\/new.nowdevenezuela.com\/index.php\/wp-json\/wp\/v2\/product_tag?post=1909"}],"curies":[{"name":"wp","href":"https:\/\/api.w.org\/{rel}","templated":true}]}}