{"id":1907,"date":"2025-12-11T15:58:44","date_gmt":"2025-12-11T19:58:44","guid":{"rendered":"https:\/\/new.nowdevenezuela.com\/?post_type=product&#038;p=1907"},"modified":"2025-12-11T15:58:49","modified_gmt":"2025-12-11T19:58:49","slug":"vitamina-k-2-mk7-100mcg","status":"publish","type":"product","link":"https:\/\/new.nowdevenezuela.com\/index.php\/product\/vitamina-k-2-mk7-100mcg\/","title":{"rendered":"Vitamina K-2 (MK7) 100mcg"},"content":{"rendered":"<p><strong>Presentaci\u00f3n:<\/strong><\/p>\n<p>&#8211;\u00a0 Envase de 60 tabletas.<\/p>\n<p><strong>Modo de uso:<\/strong><\/p>\n<p>&#8211;\u00a0 Tomar 1 c\u00e1psula al d\u00eda con la comida.<\/p>\n<p>&#8211; Conservar en un lugar fresco y seco despu\u00e9s de abrir.<\/p>\n","protected":false},"excerpt":{"rendered":"<p>&#8216;- La vitamina K es bien conocida por su papel en la s\u00edntesis de una serie de factores de coagulaci\u00f3n sangu\u00ednea y tambi\u00e9n es importante para la formaci\u00f3n de huesos fuertes y saludables.<\/p>\n<p>&#8211; MenaQ7\u00ae MK-7 es una forma \u00fanica de vitamina K biodisponible y sin soya.<\/p>\n","protected":false},"featured_media":1213,"comment_status":"open","ping_status":"closed","template":"","meta":[],"product_brand":[],"product_cat":[44],"product_tag":[52,53],"class_list":{"0":"post-1907","1":"product","2":"type-product","3":"status-publish","4":"has-post-thumbnail","6":"product_cat-inmunologica","7":"product_tag-acidoascorbico","8":"product_tag-vitamina-c-1000-antioxidante-vitaminac-inmunologica-heridas","10":"first","11":"instock","12":"shipping-taxable","13":"purchasable","14":"product-type-simple"},"_links":{"self":[{"href":"https:\/\/new.nowdevenezuela.com\/index.php\/wp-json\/wp\/v2\/product\/1907","targetHints":{"allow":["GET"]}}],"collection":[{"href":"https:\/\/new.nowdevenezuela.com\/index.php\/wp-json\/wp\/v2\/product"}],"about":[{"href":"https:\/\/new.nowdevenezuela.com\/index.php\/wp-json\/wp\/v2\/types\/product"}],"replies":[{"embeddable":true,"href":"https:\/\/new.nowdevenezuela.com\/index.php\/wp-json\/wp\/v2\/comments?post=1907"}],"wp:featuredmedia":[{"embeddable":true,"href":"https:\/\/new.nowdevenezuela.com\/index.php\/wp-json\/wp\/v2\/media\/1213"}],"wp:attachment":[{"href":"https:\/\/new.nowdevenezuela.com\/index.php\/wp-json\/wp\/v2\/media?parent=1907"}],"wp:term":[{"taxonomy":"product_brand","embeddable":true,"href":"https:\/\/new.nowdevenezuela.com\/index.php\/wp-json\/wp\/v2\/product_brand?post=1907"},{"taxonomy":"product_cat","embeddable":true,"href":"https:\/\/new.nowdevenezuela.com\/index.php\/wp-json\/wp\/v2\/product_cat?post=1907"},{"taxonomy":"product_tag","embeddable":true,"href":"https:\/\/new.nowdevenezuela.com\/index.php\/wp-json\/wp\/v2\/product_tag?post=1907"}],"curies":[{"name":"wp","href":"https:\/\/api.w.org\/{rel}","templated":true}]}}