{"id":1906,"date":"2025-12-11T15:58:44","date_gmt":"2025-12-11T19:58:44","guid":{"rendered":"https:\/\/new.nowdevenezuela.com\/?post_type=product&#038;p=1906"},"modified":"2025-12-11T15:58:49","modified_gmt":"2025-12-11T19:58:49","slug":"boron-3mg-soporte-oseo-100-capsulas-vegetales","status":"publish","type":"product","link":"https:\/\/new.nowdevenezuela.com\/index.php\/product\/boron-3mg-soporte-oseo-100-capsulas-vegetales\/","title":{"rendered":"Boron 3mg (soporte \u00f3seo) 100 c\u00e1psulas vegetales"},"content":{"rendered":"<p><strong>Presentaci\u00f3n:<\/strong><\/p>\n<p>&#8211;\u00a0 Envase de 100 c\u00e1psulas vegetales.<\/p>\n<p><strong>Modo de uso:<\/strong><\/p>\n<p>&#8211; Tomar 1 c\u00e1psula al d\u00eda con la comida.<\/p>\n<p>&#8211; Conservar en un lugar fresco y seco despu\u00e9s de abrir.<\/p>\n<p>&nbsp;<\/p>\n","protected":false},"excerpt":{"rendered":"<p>&#8216;- El boron es un oligoelemento biol\u00f3gicamente activo que afecta el metabolismo del calcio, el magnesio y el f\u00f3sforo.<\/p>\n<p>&#8211; Se sabe que el boron favorece la fuerza y \u200b\u200bla estructura de los huesos.<\/p>\n<p>&nbsp;<\/p>\n","protected":false},"featured_media":1210,"comment_status":"open","ping_status":"closed","template":"","meta":[],"product_brand":[],"product_cat":[30],"product_tag":[],"class_list":{"0":"post-1906","1":"product","2":"type-product","3":"status-publish","4":"has-post-thumbnail","6":"product_cat-especialidades","8":"first","9":"instock","10":"shipping-taxable","11":"purchasable","12":"product-type-simple"},"_links":{"self":[{"href":"https:\/\/new.nowdevenezuela.com\/index.php\/wp-json\/wp\/v2\/product\/1906","targetHints":{"allow":["GET"]}}],"collection":[{"href":"https:\/\/new.nowdevenezuela.com\/index.php\/wp-json\/wp\/v2\/product"}],"about":[{"href":"https:\/\/new.nowdevenezuela.com\/index.php\/wp-json\/wp\/v2\/types\/product"}],"replies":[{"embeddable":true,"href":"https:\/\/new.nowdevenezuela.com\/index.php\/wp-json\/wp\/v2\/comments?post=1906"}],"wp:featuredmedia":[{"embeddable":true,"href":"https:\/\/new.nowdevenezuela.com\/index.php\/wp-json\/wp\/v2\/media\/1210"}],"wp:attachment":[{"href":"https:\/\/new.nowdevenezuela.com\/index.php\/wp-json\/wp\/v2\/media?parent=1906"}],"wp:term":[{"taxonomy":"product_brand","embeddable":true,"href":"https:\/\/new.nowdevenezuela.com\/index.php\/wp-json\/wp\/v2\/product_brand?post=1906"},{"taxonomy":"product_cat","embeddable":true,"href":"https:\/\/new.nowdevenezuela.com\/index.php\/wp-json\/wp\/v2\/product_cat?post=1906"},{"taxonomy":"product_tag","embeddable":true,"href":"https:\/\/new.nowdevenezuela.com\/index.php\/wp-json\/wp\/v2\/product_tag?post=1906"}],"curies":[{"name":"wp","href":"https:\/\/api.w.org\/{rel}","templated":true}]}}