{"id":1904,"date":"2025-12-11T15:58:44","date_gmt":"2025-12-11T19:58:44","guid":{"rendered":"https:\/\/new.nowdevenezuela.com\/?post_type=product&#038;p=1904"},"modified":"2025-12-11T15:58:49","modified_gmt":"2025-12-11T19:58:49","slug":"daily-vits-multivitaminico-30-capsulas-vegetales","status":"publish","type":"product","link":"https:\/\/new.nowdevenezuela.com\/index.php\/product\/daily-vits-multivitaminico-30-capsulas-vegetales\/","title":{"rendered":"Daily Vits\u2122 (Multivitam\u00ednico) 30 c\u00e1psulas vegetales"},"content":{"rendered":"<p><strong>Presentaci\u00f3n:<\/strong><\/p>\n<p>&#8211;\u00a0 Envase de 30 tabletas.<\/p>\n<p><strong>Modo de uso:<\/strong><\/p>\n<p>&#8211;\u00a0 Tomar 1 comprimido al d\u00eda con una comida.<\/p>\n","protected":false},"excerpt":{"rendered":"<p>&#8216;-\u00a0 Contiene m\u00faltiples vitaminas ayudan a cerrar la brecha de nutrientes en nuestras dietas diarias. Ayuda a llenar las \u00e1reas que faltan en nuestras dietas y est\u00e1n formuladas para proporcionar una amplia gama de nutrici\u00f3n<\/p>\n<p>&#8211;\u00a0 En el mundo actual de alimentos procesados \u200b\u200by estilos de vida acelerados, muchos de nosotros no obtenemos la cantidad diaria recomendada de vitaminas, minerales y otros nutrientes.<\/p>\n","protected":false},"featured_media":1204,"comment_status":"open","ping_status":"closed","template":"","meta":[],"product_brand":[],"product_cat":[44],"product_tag":[],"class_list":{"0":"post-1904","1":"product","2":"type-product","3":"status-publish","4":"has-post-thumbnail","6":"product_cat-inmunologica","8":"first","9":"instock","10":"shipping-taxable","11":"purchasable","12":"product-type-simple"},"_links":{"self":[{"href":"https:\/\/new.nowdevenezuela.com\/index.php\/wp-json\/wp\/v2\/product\/1904","targetHints":{"allow":["GET"]}}],"collection":[{"href":"https:\/\/new.nowdevenezuela.com\/index.php\/wp-json\/wp\/v2\/product"}],"about":[{"href":"https:\/\/new.nowdevenezuela.com\/index.php\/wp-json\/wp\/v2\/types\/product"}],"replies":[{"embeddable":true,"href":"https:\/\/new.nowdevenezuela.com\/index.php\/wp-json\/wp\/v2\/comments?post=1904"}],"wp:featuredmedia":[{"embeddable":true,"href":"https:\/\/new.nowdevenezuela.com\/index.php\/wp-json\/wp\/v2\/media\/1204"}],"wp:attachment":[{"href":"https:\/\/new.nowdevenezuela.com\/index.php\/wp-json\/wp\/v2\/media?parent=1904"}],"wp:term":[{"taxonomy":"product_brand","embeddable":true,"href":"https:\/\/new.nowdevenezuela.com\/index.php\/wp-json\/wp\/v2\/product_brand?post=1904"},{"taxonomy":"product_cat","embeddable":true,"href":"https:\/\/new.nowdevenezuela.com\/index.php\/wp-json\/wp\/v2\/product_cat?post=1904"},{"taxonomy":"product_tag","embeddable":true,"href":"https:\/\/new.nowdevenezuela.com\/index.php\/wp-json\/wp\/v2\/product_tag?post=1904"}],"curies":[{"name":"wp","href":"https:\/\/api.w.org\/{rel}","templated":true}]}}