{"id":1902,"date":"2025-12-11T15:58:44","date_gmt":"2025-12-11T19:58:44","guid":{"rendered":"https:\/\/new.nowdevenezuela.com\/?post_type=product&#038;p=1902"},"modified":"2025-12-11T15:58:48","modified_gmt":"2025-12-11T19:58:48","slug":"vitamina-e-400-selenio-100mcg-100-capsulas-blandas","status":"publish","type":"product","link":"https:\/\/new.nowdevenezuela.com\/index.php\/product\/vitamina-e-400-selenio-100mcg-100-capsulas-blandas\/","title":{"rendered":"Vitamina E-400 + Selenio 100mcg 100 c\u00e1psulas blandas"},"content":{"rendered":"<p><strong>Presentaci\u00f3n:<\/strong><\/p>\n<p>&#8211;\u00a0 Envase de 100 capsulas blandas.<\/p>\n<p><strong>Modo de uso:<\/strong><\/p>\n<p>&#8211;\u00a0 Tome 1 c\u00e1psula blanda al d\u00eda con una comida.<\/p>\n<p>&#8211;\u00a0 Conservar en un lugar fresco y seco una vez abierto.<\/p>\n<p><strong>Fecha de vencimiento:<\/strong><\/p>\n<p>&#8211;\u00a0 Este producto tiene una fecha de vencimiento de 11\/07\/2026<\/p>\n","protected":false},"excerpt":{"rendered":"<p>&#8216;-\u00a0 La vitamina E es un importante antioxidante soluble en grasa, que es particularmente importante para mantener la salud celular al neutralizar los radicales libres formados a trav\u00e9s de procesos metab\u00f3licos normales, as\u00ed como a trav\u00e9s de exposiciones ambientales.<\/p>\n<p>&#8211;\u00a0 Adem\u00e1s de sus actividades antioxidantes, la vitamina E tambi\u00e9n es vital para una funci\u00f3n inmunol\u00f3gica normal y para el mantenimiento de un sistema vascular saludable.<\/p>\n","protected":false},"featured_media":1199,"comment_status":"open","ping_status":"closed","template":"","meta":[],"product_brand":[],"product_cat":[75,46],"product_tag":[],"class_list":{"0":"post-1902","1":"product","2":"type-product","3":"status-publish","4":"has-post-thumbnail","6":"product_cat-antioxidantes","7":"product_cat-mas-vendido","9":"first","10":"instock","11":"shipping-taxable","12":"purchasable","13":"product-type-simple"},"_links":{"self":[{"href":"https:\/\/new.nowdevenezuela.com\/index.php\/wp-json\/wp\/v2\/product\/1902","targetHints":{"allow":["GET"]}}],"collection":[{"href":"https:\/\/new.nowdevenezuela.com\/index.php\/wp-json\/wp\/v2\/product"}],"about":[{"href":"https:\/\/new.nowdevenezuela.com\/index.php\/wp-json\/wp\/v2\/types\/product"}],"replies":[{"embeddable":true,"href":"https:\/\/new.nowdevenezuela.com\/index.php\/wp-json\/wp\/v2\/comments?post=1902"}],"wp:featuredmedia":[{"embeddable":true,"href":"https:\/\/new.nowdevenezuela.com\/index.php\/wp-json\/wp\/v2\/media\/1199"}],"wp:attachment":[{"href":"https:\/\/new.nowdevenezuela.com\/index.php\/wp-json\/wp\/v2\/media?parent=1902"}],"wp:term":[{"taxonomy":"product_brand","embeddable":true,"href":"https:\/\/new.nowdevenezuela.com\/index.php\/wp-json\/wp\/v2\/product_brand?post=1902"},{"taxonomy":"product_cat","embeddable":true,"href":"https:\/\/new.nowdevenezuela.com\/index.php\/wp-json\/wp\/v2\/product_cat?post=1902"},{"taxonomy":"product_tag","embeddable":true,"href":"https:\/\/new.nowdevenezuela.com\/index.php\/wp-json\/wp\/v2\/product_tag?post=1902"}],"curies":[{"name":"wp","href":"https:\/\/api.w.org\/{rel}","templated":true}]}}