{"id":1899,"date":"2025-12-11T15:58:44","date_gmt":"2025-12-11T19:58:44","guid":{"rendered":"https:\/\/new.nowdevenezuela.com\/?post_type=product&#038;p=1899"},"modified":"2025-12-11T15:58:48","modified_gmt":"2025-12-11T19:58:48","slug":"acido-alfa-lipoico-600mg-60-capsulas-vegetales","status":"publish","type":"product","link":"https:\/\/new.nowdevenezuela.com\/index.php\/product\/acido-alfa-lipoico-600mg-60-capsulas-vegetales\/","title":{"rendered":"Acido Alfa Lip\u00f3ico 600mg 60 c\u00e1psulas vegetales"},"content":{"rendered":"<p style=\"text-align: left\"><strong>Presentaci\u00f3n:<\/strong><\/p>\n<p style=\"text-align: left\">&#8211;\u00a0 Envase de 60\u00a0 c\u00e1psulas por 600mg.<\/p>\n<p style=\"text-align: left\"><strong>Modo de uso:<\/strong><\/p>\n<p style=\"text-align: left\">&#8211;\u00a0 Tomar 2 c\u00e1psulas despu\u00e9s del desayuno<\/p>\n","protected":false},"excerpt":{"rendered":"<p>El \u00c1cido Alfa Lipoico (ALA) es un antioxidante universal, soluble tanto en agua como en grasa, lo que le permite actuar en todas las partes de la c\u00e9lula. Esta f\u00f3rmula de NOW\u00ae en alta concentraci\u00f3n (600 mg) est\u00e1 reforzada con Bioperine\u00ae (extracto de pimienta negra) y extracto de semilla de uva, potenciando su absorci\u00f3n y eficacia antioxidante.<\/p>\n<p><strong> Beneficios clave:<\/strong><\/p>\n<p>\u2013 Apoya la salud metab\u00f3lica: contribuye a mejorar la sensibilidad a la insulina y a regular los niveles de glucosa en sangre.<\/p>\n<p>\u2013 Defensa antioxidante avanzada: neutraliza los radicales libres y ayuda a regenerar otros antioxidantes como la vitamina C y E.<\/p>\n<p>\u2013 Apoyo celular integral: prolonga la vida \u00fatil de las c\u00e9lulas y combate los efectos del estr\u00e9s oxidativo causado por el alcohol, el tabaquismo y el envejecimiento.<\/p>\n<p>\u2013 Incluye Bioperine\u00ae: mejora la biodisponibilidad del \u00e1cido alfa lipoico, garantizando una absorci\u00f3n superior.<\/p>\n<p>\u2013 Energ\u00eda celular: favorece la producci\u00f3n de energ\u00eda en las mitocondrias, restaurando la vitalidad f\u00edsica y mental.<\/p>\n<p class=\"alert\" style=\"text-align: center\">\n","protected":false},"featured_media":1190,"comment_status":"open","ping_status":"closed","template":"","meta":[],"product_brand":[],"product_cat":[44],"product_tag":[45],"class_list":{"0":"post-1899","1":"product","2":"type-product","3":"status-publish","4":"has-post-thumbnail","6":"product_cat-inmunologica","7":"product_tag-acidoalfalipoico-vitaminas-antioxidante","9":"first","10":"instock","11":"shipping-taxable","12":"purchasable","13":"product-type-simple"},"_links":{"self":[{"href":"https:\/\/new.nowdevenezuela.com\/index.php\/wp-json\/wp\/v2\/product\/1899","targetHints":{"allow":["GET"]}}],"collection":[{"href":"https:\/\/new.nowdevenezuela.com\/index.php\/wp-json\/wp\/v2\/product"}],"about":[{"href":"https:\/\/new.nowdevenezuela.com\/index.php\/wp-json\/wp\/v2\/types\/product"}],"replies":[{"embeddable":true,"href":"https:\/\/new.nowdevenezuela.com\/index.php\/wp-json\/wp\/v2\/comments?post=1899"}],"wp:featuredmedia":[{"embeddable":true,"href":"https:\/\/new.nowdevenezuela.com\/index.php\/wp-json\/wp\/v2\/media\/1190"}],"wp:attachment":[{"href":"https:\/\/new.nowdevenezuela.com\/index.php\/wp-json\/wp\/v2\/media?parent=1899"}],"wp:term":[{"taxonomy":"product_brand","embeddable":true,"href":"https:\/\/new.nowdevenezuela.com\/index.php\/wp-json\/wp\/v2\/product_brand?post=1899"},{"taxonomy":"product_cat","embeddable":true,"href":"https:\/\/new.nowdevenezuela.com\/index.php\/wp-json\/wp\/v2\/product_cat?post=1899"},{"taxonomy":"product_tag","embeddable":true,"href":"https:\/\/new.nowdevenezuela.com\/index.php\/wp-json\/wp\/v2\/product_tag?post=1899"}],"curies":[{"name":"wp","href":"https:\/\/api.w.org\/{rel}","templated":true}]}}