{"id":1872,"date":"2025-12-11T15:58:35","date_gmt":"2025-12-11T19:58:35","guid":{"rendered":"https:\/\/new.nowdevenezuela.com\/?post_type=product&#038;p=1872"},"modified":"2025-12-11T15:58:39","modified_gmt":"2025-12-11T19:58:39","slug":"pasta-de-dientes-xyliwhite-platinum-mint","status":"publish","type":"product","link":"https:\/\/new.nowdevenezuela.com\/index.php\/product\/pasta-de-dientes-xyliwhite-platinum-mint\/","title":{"rendered":"Pasta de dientes Xyliwhite\u2122 Platinum Mint"},"content":{"rendered":"<p><strong>Presentaci\u00f3n:<\/strong><\/p>\n<p>&#8211;\u00a0 Envase de 90 capsulas vegetales.<\/p>\n<p><strong>Modo de uso:<\/strong><\/p>\n<p>&#8211;\u00a0 Adultos y ni\u00f1os mayores de 2 a\u00f1os: Aplique el gel de pasta de dientes XyliWhite\u2122 en un cepillo de dientes de cerdas suaves.<\/p>\n<p>&#8211;\u00a0 Cep\u00edllese bien despu\u00e9s de las comidas, al menos dos veces al d\u00eda, o seg\u00fan las indicaciones de su dentista.<\/p>\n<p>&nbsp;<\/p>\n","protected":false},"excerpt":{"rendered":"<p>&#8216;-\u00a0 XyliWhite\u2122 es una pasta de dientes en gel sin fl\u00faor que utiliza xilitol natural como su ingrediente principal. Limpia y blanquea los dientes dejando un sabor fresco. Formulado con los ingredientes m\u00e1s puros Ingredientes vegetarianos\/veganos Contiene el poder blanqueador del bicarbonato de sodio.<\/p>\n<p>&#8211;\u00a0 Contiene 25 % de xilitol, uno de los niveles m\u00e1s altos disponibles para adultos y ni\u00f1os.<\/p>\n","protected":false},"featured_media":1109,"comment_status":"open","ping_status":"closed","template":"","meta":[],"product_brand":[],"product_cat":[73,83],"product_tag":[],"class_list":{"0":"post-1872","1":"product","2":"type-product","3":"status-publish","4":"has-post-thumbnail","6":"product_cat-espectro-autismo","7":"product_cat-salud-y-belleza","9":"first","10":"instock","11":"shipping-taxable","12":"purchasable","13":"product-type-simple"},"_links":{"self":[{"href":"https:\/\/new.nowdevenezuela.com\/index.php\/wp-json\/wp\/v2\/product\/1872","targetHints":{"allow":["GET"]}}],"collection":[{"href":"https:\/\/new.nowdevenezuela.com\/index.php\/wp-json\/wp\/v2\/product"}],"about":[{"href":"https:\/\/new.nowdevenezuela.com\/index.php\/wp-json\/wp\/v2\/types\/product"}],"replies":[{"embeddable":true,"href":"https:\/\/new.nowdevenezuela.com\/index.php\/wp-json\/wp\/v2\/comments?post=1872"}],"wp:featuredmedia":[{"embeddable":true,"href":"https:\/\/new.nowdevenezuela.com\/index.php\/wp-json\/wp\/v2\/media\/1109"}],"wp:attachment":[{"href":"https:\/\/new.nowdevenezuela.com\/index.php\/wp-json\/wp\/v2\/media?parent=1872"}],"wp:term":[{"taxonomy":"product_brand","embeddable":true,"href":"https:\/\/new.nowdevenezuela.com\/index.php\/wp-json\/wp\/v2\/product_brand?post=1872"},{"taxonomy":"product_cat","embeddable":true,"href":"https:\/\/new.nowdevenezuela.com\/index.php\/wp-json\/wp\/v2\/product_cat?post=1872"},{"taxonomy":"product_tag","embeddable":true,"href":"https:\/\/new.nowdevenezuela.com\/index.php\/wp-json\/wp\/v2\/product_tag?post=1872"}],"curies":[{"name":"wp","href":"https:\/\/api.w.org\/{rel}","templated":true}]}}