{"id":1863,"date":"2025-12-11T15:58:34","date_gmt":"2025-12-11T19:58:34","guid":{"rendered":"https:\/\/new.nowdevenezuela.com\/?post_type=product&#038;p=1863"},"modified":"2025-12-11T15:58:37","modified_gmt":"2025-12-11T19:58:37","slug":"coq10-60-mg-60-capsulas-vegetales","status":"publish","type":"product","link":"https:\/\/new.nowdevenezuela.com\/index.php\/product\/coq10-60-mg-60-capsulas-vegetales\/","title":{"rendered":"CoQ10 60 mg 60 c\u00e1psulas vegetales"},"content":{"rendered":"<p><strong>Presentaci\u00f3n:<\/strong><\/p>\n<p>&#8211;\u00a0 Envase de 60 capsulas vegetales de 60 mg.<\/p>\n<p><strong>Modo de uso:<\/strong><\/p>\n<p>&#8211;\u00a0 Tome 1 c\u00e1psula de 1 a 2 veces al d\u00eda con alimentos.<\/p>\n<p>&nbsp;<\/p>\n","protected":false},"excerpt":{"rendered":"<p>&#8216;-\u00a0 La coenzima Q10 (CoQ10) es un compuesto similar a las vitaminas que juega un papel central en la producci\u00f3n de energ\u00eda celular.<\/p>\n<p>&#8211;\u00a0 Se encuentra en todo el cuerpo, pero se concentra especialmente en el coraz\u00f3n, el h\u00edgado y los ri\u00f1ones y su producci\u00f3n disminuye con la edad.<\/p>\n<p>&#8211;\u00a0 La CoQ10 funciona como un potente eliminador de radicales libres en las membranas celulares, as\u00ed como dentro de los vasos sangu\u00edneos. Ayuda a mantener un coraz\u00f3n y un sistema vascular saludables.<\/p>\n<p class=\"alert\" style=\"text-align: center\">\n","protected":false},"featured_media":1082,"comment_status":"open","ping_status":"closed","template":"","meta":[],"product_brand":[],"product_cat":[54,73],"product_tag":[],"class_list":{"0":"post-1863","1":"product","2":"type-product","3":"status-publish","4":"has-post-thumbnail","6":"product_cat-cardiovascular","7":"product_cat-espectro-autismo","9":"first","10":"instock","11":"shipping-taxable","12":"purchasable","13":"product-type-simple"},"_links":{"self":[{"href":"https:\/\/new.nowdevenezuela.com\/index.php\/wp-json\/wp\/v2\/product\/1863","targetHints":{"allow":["GET"]}}],"collection":[{"href":"https:\/\/new.nowdevenezuela.com\/index.php\/wp-json\/wp\/v2\/product"}],"about":[{"href":"https:\/\/new.nowdevenezuela.com\/index.php\/wp-json\/wp\/v2\/types\/product"}],"replies":[{"embeddable":true,"href":"https:\/\/new.nowdevenezuela.com\/index.php\/wp-json\/wp\/v2\/comments?post=1863"}],"wp:featuredmedia":[{"embeddable":true,"href":"https:\/\/new.nowdevenezuela.com\/index.php\/wp-json\/wp\/v2\/media\/1082"}],"wp:attachment":[{"href":"https:\/\/new.nowdevenezuela.com\/index.php\/wp-json\/wp\/v2\/media?parent=1863"}],"wp:term":[{"taxonomy":"product_brand","embeddable":true,"href":"https:\/\/new.nowdevenezuela.com\/index.php\/wp-json\/wp\/v2\/product_brand?post=1863"},{"taxonomy":"product_cat","embeddable":true,"href":"https:\/\/new.nowdevenezuela.com\/index.php\/wp-json\/wp\/v2\/product_cat?post=1863"},{"taxonomy":"product_tag","embeddable":true,"href":"https:\/\/new.nowdevenezuela.com\/index.php\/wp-json\/wp\/v2\/product_tag?post=1863"}],"curies":[{"name":"wp","href":"https:\/\/api.w.org\/{rel}","templated":true}]}}