{"id":1854,"date":"2025-12-11T15:58:26","date_gmt":"2025-12-11T19:58:26","guid":{"rendered":"https:\/\/new.nowdevenezuela.com\/?post_type=product&#038;p=1854"},"modified":"2025-12-11T15:58:32","modified_gmt":"2025-12-11T19:58:32","slug":"centella-asiatica-450mg-gotu-kola-100-capsulas-vegetales","status":"publish","type":"product","link":"https:\/\/new.nowdevenezuela.com\/index.php\/product\/centella-asiatica-450mg-gotu-kola-100-capsulas-vegetales\/","title":{"rendered":"Centella asi\u00e1tica 450mg (Gotu Kola) 100 c\u00e1psulas vegetales"},"content":{"rendered":"<p><strong>Presentaci\u00f3n:<\/strong><\/p>\n<p>&#8211;\u00a0 Envase de 100 capsulas vegetales de 450 mg.<\/p>\n<p><strong>Modo de uso:<\/strong><\/p>\n<p>&#8211;\u00a0 Tomar 2 c\u00e1psulas al d\u00eda seg\u00fan sea necesario.<\/p>\n<p>&#8211;\u00a0 Conservar en un lugar fresco y seco una vez abierto.<\/p>\n","protected":false},"excerpt":{"rendered":"<p>&#8216;-\u00a0 La hierba tradicional Gotu kola (Centella asi\u00e1tica) ha sido empleada por los herbolarios tradicionales desde tiempos prehist\u00f3ricos.<\/p>\n<p>&#8211;\u00a0 Su amplia gama de aplicaciones (mejoramiento de las funciones cognitivas, circulaci\u00f3n sangu\u00ednea y cicatrizaci\u00f3n de heridas) ha sido bien documentada durante siglos y contin\u00faa utiliz\u00e1ndose en el marco de la herborister\u00eda moderna.<\/p>\n<p>&#8211;\u00a0 Gotu kola no est\u00e1 relacionado con las nueces de cola y no tiene cafe\u00edna.<\/p>\n","protected":false},"featured_media":1054,"comment_status":"open","ping_status":"closed","template":"","meta":[],"product_brand":[],"product_cat":[30],"product_tag":[],"class_list":{"0":"post-1854","1":"product","2":"type-product","3":"status-publish","4":"has-post-thumbnail","6":"product_cat-especialidades","8":"first","9":"instock","10":"shipping-taxable","11":"purchasable","12":"product-type-simple"},"_links":{"self":[{"href":"https:\/\/new.nowdevenezuela.com\/index.php\/wp-json\/wp\/v2\/product\/1854","targetHints":{"allow":["GET"]}}],"collection":[{"href":"https:\/\/new.nowdevenezuela.com\/index.php\/wp-json\/wp\/v2\/product"}],"about":[{"href":"https:\/\/new.nowdevenezuela.com\/index.php\/wp-json\/wp\/v2\/types\/product"}],"replies":[{"embeddable":true,"href":"https:\/\/new.nowdevenezuela.com\/index.php\/wp-json\/wp\/v2\/comments?post=1854"}],"wp:featuredmedia":[{"embeddable":true,"href":"https:\/\/new.nowdevenezuela.com\/index.php\/wp-json\/wp\/v2\/media\/1054"}],"wp:attachment":[{"href":"https:\/\/new.nowdevenezuela.com\/index.php\/wp-json\/wp\/v2\/media?parent=1854"}],"wp:term":[{"taxonomy":"product_brand","embeddable":true,"href":"https:\/\/new.nowdevenezuela.com\/index.php\/wp-json\/wp\/v2\/product_brand?post=1854"},{"taxonomy":"product_cat","embeddable":true,"href":"https:\/\/new.nowdevenezuela.com\/index.php\/wp-json\/wp\/v2\/product_cat?post=1854"},{"taxonomy":"product_tag","embeddable":true,"href":"https:\/\/new.nowdevenezuela.com\/index.php\/wp-json\/wp\/v2\/product_tag?post=1854"}],"curies":[{"name":"wp","href":"https:\/\/api.w.org\/{rel}","templated":true}]}}