{"id":1852,"date":"2025-12-11T15:58:26","date_gmt":"2025-12-11T19:58:26","guid":{"rendered":"https:\/\/new.nowdevenezuela.com\/?post_type=product&#038;p=1852"},"modified":"2025-12-11T15:58:31","modified_gmt":"2025-12-11T19:58:31","slug":"acido-hialuronico-100mg-60-capsulas-vegetales","status":"publish","type":"product","link":"https:\/\/new.nowdevenezuela.com\/index.php\/product\/acido-hialuronico-100mg-60-capsulas-vegetales\/","title":{"rendered":"Acido Hialuronico 100mg 60 c\u00e1psulas vegetales"},"content":{"rendered":"<p><strong>Presentaci\u00f3n:<\/strong><\/p>\n<p>&#8211;\u00a0 Acido Hialuronico, envase de 60 capsulas vegetales de 100 mg.<\/p>\n<p><strong>Modo de uso:<\/strong><\/p>\n<p>&#8211;\u00a0 Tome 1 c\u00e1psula de 1 a 2 veces al d\u00eda con alimentos.<\/p>\n<p>&#8211;\u00a0 Conservar en un lugar fresco y seco una vez abierto.<\/p>\n","protected":false},"excerpt":{"rendered":"<p>&#8216;-\u00a0 El \u00e1cido hialur\u00f3nico es un componente importante de l\u00edquido articular, presente en todos los tejidos del cuerpo, con las concentraciones m\u00e1s altas en los tejidos conectivos como la piel y el cart\u00edlago, donde sirve como lubricante y desempe\u00f1a un papel en la resistencia a las fuerzas de compresi\u00f3n.<\/p>\n<p>&#8211;\u00a0 Se ha incluido L-prolina para crear una f\u00f3rmula m\u00e1s completa. Este producto de doble concentraci\u00f3n tiene el doble de \u00e1cido hialur\u00f3nico.<\/p>\n","protected":false},"featured_media":1048,"comment_status":"open","ping_status":"closed","template":"","meta":[],"product_brand":[],"product_cat":[30],"product_tag":[],"class_list":{"0":"post-1852","1":"product","2":"type-product","3":"status-publish","4":"has-post-thumbnail","6":"product_cat-especialidades","8":"first","9":"instock","10":"shipping-taxable","11":"purchasable","12":"product-type-simple"},"_links":{"self":[{"href":"https:\/\/new.nowdevenezuela.com\/index.php\/wp-json\/wp\/v2\/product\/1852","targetHints":{"allow":["GET"]}}],"collection":[{"href":"https:\/\/new.nowdevenezuela.com\/index.php\/wp-json\/wp\/v2\/product"}],"about":[{"href":"https:\/\/new.nowdevenezuela.com\/index.php\/wp-json\/wp\/v2\/types\/product"}],"replies":[{"embeddable":true,"href":"https:\/\/new.nowdevenezuela.com\/index.php\/wp-json\/wp\/v2\/comments?post=1852"}],"wp:featuredmedia":[{"embeddable":true,"href":"https:\/\/new.nowdevenezuela.com\/index.php\/wp-json\/wp\/v2\/media\/1048"}],"wp:attachment":[{"href":"https:\/\/new.nowdevenezuela.com\/index.php\/wp-json\/wp\/v2\/media?parent=1852"}],"wp:term":[{"taxonomy":"product_brand","embeddable":true,"href":"https:\/\/new.nowdevenezuela.com\/index.php\/wp-json\/wp\/v2\/product_brand?post=1852"},{"taxonomy":"product_cat","embeddable":true,"href":"https:\/\/new.nowdevenezuela.com\/index.php\/wp-json\/wp\/v2\/product_cat?post=1852"},{"taxonomy":"product_tag","embeddable":true,"href":"https:\/\/new.nowdevenezuela.com\/index.php\/wp-json\/wp\/v2\/product_tag?post=1852"}],"curies":[{"name":"wp","href":"https:\/\/api.w.org\/{rel}","templated":true}]}}