{"id":1850,"date":"2025-12-11T15:58:26","date_gmt":"2025-12-11T19:58:26","guid":{"rendered":"https:\/\/new.nowdevenezuela.com\/?post_type=product&#038;p=1850"},"modified":"2025-12-11T15:58:31","modified_gmt":"2025-12-11T19:58:31","slug":"polvo-de-bisglicinato-de-magnesio-apoyo-al-sistema-nervioso-227-gr","status":"publish","type":"product","link":"https:\/\/new.nowdevenezuela.com\/index.php\/product\/polvo-de-bisglicinato-de-magnesio-apoyo-al-sistema-nervioso-227-gr\/","title":{"rendered":"Polvo de bisglicinato de Magnesio (apoyo al sistema nervioso) 227 Gr."},"content":{"rendered":"<p><strong>Presentaci\u00f3n:<\/strong><\/p>\n<p>&#8211;\u00a0 Envase de 8 OZ. (227 Grs).<\/p>\n<p><strong>Modo de uso:<\/strong><\/p>\n<p>&#8211;\u00a0 Mezcle 1 cucharadita rasa de polvo en al menos 6 oz. de jugo o agua.<\/p>\n<p>&#8211;\u00a0 Tomar de 1 a 2 veces al d\u00eda con alimentos.<\/p>\n<p>&#8211;\u00a0 Este producto debe diluirse en un l\u00edquido antes de la ingesti\u00f3n.<\/p>\n<p>&#8211;\u00a0 Conservar en un lugar fresco y seco una vez abierto.<\/p>\n<p>&nbsp;<\/p>\n","protected":false},"excerpt":{"rendered":"<p>&#8216;-\u00a0 El bisglicinato de magnesio utiliza magnesio unido al amino\u00e1cido glicina, lo que facilita la absorci\u00f3n intestinal. El magnesio es un mineral esencial para la funci\u00f3n enzim\u00e1tica.<\/p>\n<p>&#8211;\u00a0 Adem\u00e1s, el magnesio es necesario para la s\u00edntesis de \u00e1cidos grasos, la s\u00edntesis de prote\u00ednas y el metabolismo de la glucosa.<\/p>\n<p>&#8211;\u00a0 El estado del magnesio tambi\u00e9n es importante para la regulaci\u00f3n del equilibrio del calcio a trav\u00e9s de sus efectos sobre la gl\u00e1ndula paratiroides.<\/p>\n","protected":false},"featured_media":1042,"comment_status":"open","ping_status":"closed","template":"","meta":[],"product_brand":[],"product_cat":[30],"product_tag":[],"class_list":{"0":"post-1850","1":"product","2":"type-product","3":"status-publish","4":"has-post-thumbnail","6":"product_cat-especialidades","8":"first","9":"instock","10":"shipping-taxable","11":"purchasable","12":"product-type-simple"},"_links":{"self":[{"href":"https:\/\/new.nowdevenezuela.com\/index.php\/wp-json\/wp\/v2\/product\/1850","targetHints":{"allow":["GET"]}}],"collection":[{"href":"https:\/\/new.nowdevenezuela.com\/index.php\/wp-json\/wp\/v2\/product"}],"about":[{"href":"https:\/\/new.nowdevenezuela.com\/index.php\/wp-json\/wp\/v2\/types\/product"}],"replies":[{"embeddable":true,"href":"https:\/\/new.nowdevenezuela.com\/index.php\/wp-json\/wp\/v2\/comments?post=1850"}],"wp:featuredmedia":[{"embeddable":true,"href":"https:\/\/new.nowdevenezuela.com\/index.php\/wp-json\/wp\/v2\/media\/1042"}],"wp:attachment":[{"href":"https:\/\/new.nowdevenezuela.com\/index.php\/wp-json\/wp\/v2\/media?parent=1850"}],"wp:term":[{"taxonomy":"product_brand","embeddable":true,"href":"https:\/\/new.nowdevenezuela.com\/index.php\/wp-json\/wp\/v2\/product_brand?post=1850"},{"taxonomy":"product_cat","embeddable":true,"href":"https:\/\/new.nowdevenezuela.com\/index.php\/wp-json\/wp\/v2\/product_cat?post=1850"},{"taxonomy":"product_tag","embeddable":true,"href":"https:\/\/new.nowdevenezuela.com\/index.php\/wp-json\/wp\/v2\/product_tag?post=1850"}],"curies":[{"name":"wp","href":"https:\/\/api.w.org\/{rel}","templated":true}]}}