{"id":1847,"date":"2025-12-11T15:58:25","date_gmt":"2025-12-11T19:58:25","guid":{"rendered":"https:\/\/new.nowdevenezuela.com\/?post_type=product&#038;p=1847"},"modified":"2025-12-11T15:58:30","modified_gmt":"2025-12-11T19:58:30","slug":"cardo-lechozo-milk-thistle-extract-60-capsulas-vegetales","status":"publish","type":"product","link":"https:\/\/new.nowdevenezuela.com\/index.php\/product\/cardo-lechozo-milk-thistle-extract-60-capsulas-vegetales\/","title":{"rendered":"Cardo Lechozo (Milk Thistle Extract) 60 c\u00e1psulas vegetales"},"content":{"rendered":"<p><strong>Presentaci\u00f3n:<\/strong><\/p>\n<p>&#8211;\u00a0 Silymarin (Cardo Lechozo). Envase de 60 capsulas vegetales de 150 mg (con 120 mg de Silymarin).<\/p>\n<p><strong>Modo de uso:<\/strong><\/p>\n<p>&#8211; Tome 2 c\u00e1psulas de 1 a 3 veces al d\u00eda con alimentos.<\/p>\n<p>&#8211;\u00a0 Conservar en un lugar fresco y seco una vez abierto.<\/p>\n","protected":false},"excerpt":{"rendered":"<p>&#8216;-\u00a0 El Cardo Mariano ha sido utilizado por los herbolarios tradicionales durante siglos. Los componentes de este pueden ayudar a respaldar una funci\u00f3n hep\u00e1tica saludable.<\/p>\n<p>&#8211;\u00a0 Esta f\u00f3rmula vegetariana tambi\u00e9n incluye c\u00farcuma para un apoyo adicional.<\/p>\n","protected":false},"featured_media":1033,"comment_status":"open","ping_status":"closed","template":"","meta":[],"product_brand":[],"product_cat":[30],"product_tag":[],"class_list":{"0":"post-1847","1":"product","2":"type-product","3":"status-publish","4":"has-post-thumbnail","6":"product_cat-especialidades","8":"first","9":"instock","10":"shipping-taxable","11":"purchasable","12":"product-type-simple"},"_links":{"self":[{"href":"https:\/\/new.nowdevenezuela.com\/index.php\/wp-json\/wp\/v2\/product\/1847","targetHints":{"allow":["GET"]}}],"collection":[{"href":"https:\/\/new.nowdevenezuela.com\/index.php\/wp-json\/wp\/v2\/product"}],"about":[{"href":"https:\/\/new.nowdevenezuela.com\/index.php\/wp-json\/wp\/v2\/types\/product"}],"replies":[{"embeddable":true,"href":"https:\/\/new.nowdevenezuela.com\/index.php\/wp-json\/wp\/v2\/comments?post=1847"}],"wp:featuredmedia":[{"embeddable":true,"href":"https:\/\/new.nowdevenezuela.com\/index.php\/wp-json\/wp\/v2\/media\/1033"}],"wp:attachment":[{"href":"https:\/\/new.nowdevenezuela.com\/index.php\/wp-json\/wp\/v2\/media?parent=1847"}],"wp:term":[{"taxonomy":"product_brand","embeddable":true,"href":"https:\/\/new.nowdevenezuela.com\/index.php\/wp-json\/wp\/v2\/product_brand?post=1847"},{"taxonomy":"product_cat","embeddable":true,"href":"https:\/\/new.nowdevenezuela.com\/index.php\/wp-json\/wp\/v2\/product_cat?post=1847"},{"taxonomy":"product_tag","embeddable":true,"href":"https:\/\/new.nowdevenezuela.com\/index.php\/wp-json\/wp\/v2\/product_tag?post=1847"}],"curies":[{"name":"wp","href":"https:\/\/api.w.org\/{rel}","templated":true}]}}