{"id":1842,"date":"2025-12-11T15:58:25","date_gmt":"2025-12-11T19:58:25","guid":{"rendered":"https:\/\/new.nowdevenezuela.com\/?post_type=product&#038;p=1842"},"modified":"2025-12-11T15:58:29","modified_gmt":"2025-12-11T19:58:29","slug":"colostrum-500mg-120-capsulas-vegetales","status":"publish","type":"product","link":"https:\/\/new.nowdevenezuela.com\/index.php\/product\/colostrum-500mg-120-capsulas-vegetales\/","title":{"rendered":"Colostrum 500mg 120 c\u00e1psulas vegetales"},"content":{"rendered":"<p><strong>Presentaci\u00f3n:<\/strong><\/p>\n<p>&#8211;\u00a0 Envase de 120 c\u00e1psulas vegetales de 500 mg.<\/p>\n<p><strong>Modo de uso:<\/strong><\/p>\n<p>&#8211;\u00a0 Tome 1 c\u00e1psula 1 a 2 veces al d\u00eda seg\u00fan sea necesario.<\/p>\n<p>&#8211;\u00a0 Conservar en un lugar fresco y seco una vez abierto.<\/p>\n","protected":false},"excerpt":{"rendered":"<p>&#8216;-\u00a0 El calostro es un l\u00edquido nutritivo producido por los mam\u00edferos como alimento para el reci\u00e9n nacido unos d\u00edas despu\u00e9s del nacimiento, antes de que comience la producci\u00f3n de leche.<\/p>\n<p>&#8211;\u00a0 Este complemento alimenticio de origen bovino ofrece una variedad de prote\u00ednas biol\u00f3gicamente activas, incluidas inmunoglobulinas, lactoferrina y otros factores que respaldan el mantenimiento del tejido muscular magro, as\u00ed como un sistema inmunol\u00f3gico saludable.<\/p>\n<p>&#8211;\u00a0 Los estudios cient\u00edficos han demostrado que el calostro puede ayudar a mejorar biodisponibilidad y absorci\u00f3n de nutrientes en el cuerpo, al mismo tiempo que promueve una funci\u00f3n gastrointestinal saludable.<\/p>\n","protected":false},"featured_media":1018,"comment_status":"open","ping_status":"closed","template":"","meta":[],"product_brand":[],"product_cat":[73,44],"product_tag":[],"class_list":{"0":"post-1842","1":"product","2":"type-product","3":"status-publish","4":"has-post-thumbnail","6":"product_cat-espectro-autismo","7":"product_cat-inmunologica","9":"first","10":"instock","11":"shipping-taxable","12":"purchasable","13":"product-type-simple"},"_links":{"self":[{"href":"https:\/\/new.nowdevenezuela.com\/index.php\/wp-json\/wp\/v2\/product\/1842","targetHints":{"allow":["GET"]}}],"collection":[{"href":"https:\/\/new.nowdevenezuela.com\/index.php\/wp-json\/wp\/v2\/product"}],"about":[{"href":"https:\/\/new.nowdevenezuela.com\/index.php\/wp-json\/wp\/v2\/types\/product"}],"replies":[{"embeddable":true,"href":"https:\/\/new.nowdevenezuela.com\/index.php\/wp-json\/wp\/v2\/comments?post=1842"}],"wp:featuredmedia":[{"embeddable":true,"href":"https:\/\/new.nowdevenezuela.com\/index.php\/wp-json\/wp\/v2\/media\/1018"}],"wp:attachment":[{"href":"https:\/\/new.nowdevenezuela.com\/index.php\/wp-json\/wp\/v2\/media?parent=1842"}],"wp:term":[{"taxonomy":"product_brand","embeddable":true,"href":"https:\/\/new.nowdevenezuela.com\/index.php\/wp-json\/wp\/v2\/product_brand?post=1842"},{"taxonomy":"product_cat","embeddable":true,"href":"https:\/\/new.nowdevenezuela.com\/index.php\/wp-json\/wp\/v2\/product_cat?post=1842"},{"taxonomy":"product_tag","embeddable":true,"href":"https:\/\/new.nowdevenezuela.com\/index.php\/wp-json\/wp\/v2\/product_tag?post=1842"}],"curies":[{"name":"wp","href":"https:\/\/api.w.org\/{rel}","templated":true}]}}