{"id":1839,"date":"2025-12-11T15:58:25","date_gmt":"2025-12-11T19:58:25","guid":{"rendered":"https:\/\/new.nowdevenezuela.com\/?post_type=product&#038;p=1839"},"modified":"2025-12-11T15:58:29","modified_gmt":"2025-12-11T19:58:29","slug":"acido-folico-800mcg-con-vitamina-b12-250-tabletas","status":"publish","type":"product","link":"https:\/\/new.nowdevenezuela.com\/index.php\/product\/acido-folico-800mcg-con-vitamina-b12-250-tabletas\/","title":{"rendered":"Acido F\u00f3lico (800mcg con Vitamina B12) 250 tabletas"},"content":{"rendered":"<p><strong>Presentaci\u00f3n:<\/strong><\/p>\n<p>&#8211;\u00a0 Envase de 250 tabletas de 800 mcg.<\/p>\n<p><strong>Modo de uso:<\/strong><\/p>\n<p>&#8211;\u00a0 Tomar 1 comprimido al d\u00eda con una comida.<\/p>\n<p>&#8211;\u00a0 Conservar en un lugar fresco y seco una vez abierto.<\/p>\n","protected":false},"excerpt":{"rendered":"<p>&#8216;-\u00a0 El \u00e1cido f\u00f3lico es un miembro muy importante de la familia de vitaminas B requerida para la s\u00edntesis del ADN y la reparaci\u00f3n gen\u00e9tica, lo que hace que un suministro adecuado sea esencial para las c\u00e9lulas que se dividen r\u00e1pidamente, como los gl\u00f3bulos rojos.<\/p>\n<p>&#8211;\u00a0 Tambi\u00e9n es necesario para la s\u00edntesis de metionina a partir de homociste\u00edna y puede ayudar a contribuir a la funci\u00f3n saludable tanto del sistema cardiovascular como del nervioso.<\/p>\n","protected":false},"featured_media":1009,"comment_status":"open","ping_status":"closed","template":"","meta":[],"product_brand":[],"product_cat":[44],"product_tag":[],"class_list":{"0":"post-1839","1":"product","2":"type-product","3":"status-publish","4":"has-post-thumbnail","6":"product_cat-inmunologica","8":"first","9":"instock","10":"shipping-taxable","11":"purchasable","12":"product-type-simple"},"_links":{"self":[{"href":"https:\/\/new.nowdevenezuela.com\/index.php\/wp-json\/wp\/v2\/product\/1839","targetHints":{"allow":["GET"]}}],"collection":[{"href":"https:\/\/new.nowdevenezuela.com\/index.php\/wp-json\/wp\/v2\/product"}],"about":[{"href":"https:\/\/new.nowdevenezuela.com\/index.php\/wp-json\/wp\/v2\/types\/product"}],"replies":[{"embeddable":true,"href":"https:\/\/new.nowdevenezuela.com\/index.php\/wp-json\/wp\/v2\/comments?post=1839"}],"wp:featuredmedia":[{"embeddable":true,"href":"https:\/\/new.nowdevenezuela.com\/index.php\/wp-json\/wp\/v2\/media\/1009"}],"wp:attachment":[{"href":"https:\/\/new.nowdevenezuela.com\/index.php\/wp-json\/wp\/v2\/media?parent=1839"}],"wp:term":[{"taxonomy":"product_brand","embeddable":true,"href":"https:\/\/new.nowdevenezuela.com\/index.php\/wp-json\/wp\/v2\/product_brand?post=1839"},{"taxonomy":"product_cat","embeddable":true,"href":"https:\/\/new.nowdevenezuela.com\/index.php\/wp-json\/wp\/v2\/product_cat?post=1839"},{"taxonomy":"product_tag","embeddable":true,"href":"https:\/\/new.nowdevenezuela.com\/index.php\/wp-json\/wp\/v2\/product_tag?post=1839"}],"curies":[{"name":"wp","href":"https:\/\/api.w.org\/{rel}","templated":true}]}}