{"id":1837,"date":"2025-12-11T15:58:24","date_gmt":"2025-12-11T19:58:24","guid":{"rendered":"https:\/\/new.nowdevenezuela.com\/?post_type=product&#038;p=1837"},"modified":"2025-12-11T15:58:28","modified_gmt":"2025-12-11T19:58:28","slug":"n-acetilcisteina-600mg-100-capsulas-vegetales","status":"publish","type":"product","link":"https:\/\/new.nowdevenezuela.com\/index.php\/product\/n-acetilcisteina-600mg-100-capsulas-vegetales\/","title":{"rendered":"N-acetilciste\u00edna 600mg 100 c\u00e1psulas vegetales"},"content":{"rendered":"<p><strong>Presentaci\u00f3n:<\/strong><\/p>\n<p>&#8211;\u00a0 Envase de 100 capsulas vegetales de 600 mg.<\/p>\n<p><strong>Modo de uso:<\/strong><\/p>\n<p>&#8211;\u00a0 Tome 1 tableta de 1 a 3 veces al d\u00eda.<\/p>\n<p>&#8211;\u00a0 Conservar en un lugar fresco y seco una vez abierto.<\/p>\n","protected":false},"excerpt":{"rendered":"<p>&#8216;-\u00a0 La N-acetilciste\u00edna (NAC) es una forma estable del amino\u00e1cido ciste\u00edna no esencial. Contiene azufre, que act\u00faa como estabilizador para la formaci\u00f3n de estructuras proteicas y promueve la formaci\u00f3n de glutati\u00f3n.<\/p>\n<p>&#8211;\u00a0 El glutati\u00f3n es un poderoso compuesto eliminador de radicales libres que tambi\u00e9n ayuda a mantener el funcionamiento normal y equilibrado del sistema inmunitario. Adem\u00e1s, el NAC puede ayudar a mantener el cerebro y los tejidos neuronales sanos.<\/p>\n","protected":false},"featured_media":1003,"comment_status":"open","ping_status":"closed","template":"","meta":[],"product_brand":[],"product_cat":[44],"product_tag":[],"class_list":{"0":"post-1837","1":"product","2":"type-product","3":"status-publish","4":"has-post-thumbnail","6":"product_cat-inmunologica","8":"first","9":"instock","10":"shipping-taxable","11":"purchasable","12":"product-type-simple"},"_links":{"self":[{"href":"https:\/\/new.nowdevenezuela.com\/index.php\/wp-json\/wp\/v2\/product\/1837","targetHints":{"allow":["GET"]}}],"collection":[{"href":"https:\/\/new.nowdevenezuela.com\/index.php\/wp-json\/wp\/v2\/product"}],"about":[{"href":"https:\/\/new.nowdevenezuela.com\/index.php\/wp-json\/wp\/v2\/types\/product"}],"replies":[{"embeddable":true,"href":"https:\/\/new.nowdevenezuela.com\/index.php\/wp-json\/wp\/v2\/comments?post=1837"}],"wp:featuredmedia":[{"embeddable":true,"href":"https:\/\/new.nowdevenezuela.com\/index.php\/wp-json\/wp\/v2\/media\/1003"}],"wp:attachment":[{"href":"https:\/\/new.nowdevenezuela.com\/index.php\/wp-json\/wp\/v2\/media?parent=1837"}],"wp:term":[{"taxonomy":"product_brand","embeddable":true,"href":"https:\/\/new.nowdevenezuela.com\/index.php\/wp-json\/wp\/v2\/product_brand?post=1837"},{"taxonomy":"product_cat","embeddable":true,"href":"https:\/\/new.nowdevenezuela.com\/index.php\/wp-json\/wp\/v2\/product_cat?post=1837"},{"taxonomy":"product_tag","embeddable":true,"href":"https:\/\/new.nowdevenezuela.com\/index.php\/wp-json\/wp\/v2\/product_tag?post=1837"}],"curies":[{"name":"wp","href":"https:\/\/api.w.org\/{rel}","templated":true}]}}