{"id":1836,"date":"2025-12-11T15:58:24","date_gmt":"2025-12-11T19:58:24","guid":{"rendered":"https:\/\/new.nowdevenezuela.com\/?post_type=product&#038;p=1836"},"modified":"2025-12-11T15:58:28","modified_gmt":"2025-12-11T19:58:28","slug":"niacina-500mg-100-capsulas-vegetales","status":"publish","type":"product","link":"https:\/\/new.nowdevenezuela.com\/index.php\/product\/niacina-500mg-100-capsulas-vegetales\/","title":{"rendered":"Niacina 500mg 100 c\u00e1psulas vegetales"},"content":{"rendered":"<p><strong>Presentaci\u00f3n:<\/strong><\/p>\n<p>&#8211;\u00a0 Envase de 100 capsulas vegetales de 500 mg.<\/p>\n<p><strong>Modo de uso:<\/strong><\/p>\n<p>&#8211;\u00a0 Tome 1 c\u00e1psula al d\u00eda seg\u00fan sea necesario, con una comida.<\/p>\n<p>&#8211;\u00a0 Esta c\u00e1psula de alta potencia debe tomarse bajo supervisi\u00f3n m\u00e9dica.<\/p>\n<p>&#8211;\u00a0 Conservar en un lugar fresco y seco una vez abierto.<\/p>\n","protected":false},"excerpt":{"rendered":"<p>&#8216;-\u00a0 La niacina es un tipo de vitamina B que el cuerpo crea y utiliza para convertir los alimentos en energ\u00eda. Esta ayuda a mantener sanos el sistema nervioso, el aparato digestivo y la piel.<\/p>\n<p>&#8211;\u00a0 La funci\u00f3n de la niacina en el cuerpo es sintetizar las Coenzimas Nicotinamida Adenina Dinucle\u00f3tido (NAD) y Nicotinamida Adenina Dinucle\u00f3tido Fosfato (NADP), que est\u00e1n involucradas en m\u00e1s de 400 reacciones bioqu\u00edmicas en su cuerpo, principalmente relacionadas con la obtenci\u00f3n de energ\u00eda de los alimentos que consume.<\/p>\n<p>&#8211;\u00a0 La niacina es soluble en agua, por lo que su cuerpo no la almacena. Esto tambi\u00e9n significa que su cuerpo puede excretar cantidades excesivas de la vitamina a trav\u00e9s de la orina si no las necesita.<\/p>\n","protected":false},"featured_media":1000,"comment_status":"open","ping_status":"closed","template":"","meta":[],"product_brand":[],"product_cat":[44],"product_tag":[],"class_list":{"0":"post-1836","1":"product","2":"type-product","3":"status-publish","4":"has-post-thumbnail","6":"product_cat-inmunologica","8":"first","9":"instock","10":"shipping-taxable","11":"purchasable","12":"product-type-simple"},"_links":{"self":[{"href":"https:\/\/new.nowdevenezuela.com\/index.php\/wp-json\/wp\/v2\/product\/1836","targetHints":{"allow":["GET"]}}],"collection":[{"href":"https:\/\/new.nowdevenezuela.com\/index.php\/wp-json\/wp\/v2\/product"}],"about":[{"href":"https:\/\/new.nowdevenezuela.com\/index.php\/wp-json\/wp\/v2\/types\/product"}],"replies":[{"embeddable":true,"href":"https:\/\/new.nowdevenezuela.com\/index.php\/wp-json\/wp\/v2\/comments?post=1836"}],"wp:featuredmedia":[{"embeddable":true,"href":"https:\/\/new.nowdevenezuela.com\/index.php\/wp-json\/wp\/v2\/media\/1000"}],"wp:attachment":[{"href":"https:\/\/new.nowdevenezuela.com\/index.php\/wp-json\/wp\/v2\/media?parent=1836"}],"wp:term":[{"taxonomy":"product_brand","embeddable":true,"href":"https:\/\/new.nowdevenezuela.com\/index.php\/wp-json\/wp\/v2\/product_brand?post=1836"},{"taxonomy":"product_cat","embeddable":true,"href":"https:\/\/new.nowdevenezuela.com\/index.php\/wp-json\/wp\/v2\/product_cat?post=1836"},{"taxonomy":"product_tag","embeddable":true,"href":"https:\/\/new.nowdevenezuela.com\/index.php\/wp-json\/wp\/v2\/product_tag?post=1836"}],"curies":[{"name":"wp","href":"https:\/\/api.w.org\/{rel}","templated":true}]}}