{"id":1819,"date":"2025-12-11T15:58:15","date_gmt":"2025-12-11T19:58:15","guid":{"rendered":"https:\/\/new.nowdevenezuela.com\/?post_type=product&#038;p=1819"},"modified":"2025-12-11T15:58:21","modified_gmt":"2025-12-11T19:58:21","slug":"polvo-de-cascara-de-psyllium-vegetariano-340-gr","status":"publish","type":"product","link":"https:\/\/new.nowdevenezuela.com\/index.php\/product\/polvo-de-cascara-de-psyllium-vegetariano-340-gr\/","title":{"rendered":"Polvo de c\u00e1scara de Psyllium vegetariano 340 Gr."},"content":{"rendered":"<p><strong>Presentaci\u00f3n:<\/strong><\/p>\n<p>&#8211;\u00a0 Envase de 12 OZ. (340 Grs.)<\/p>\n<p><strong>Modo de uso:<\/strong><\/p>\n<p>&#8211;\u00a0 Mezcle vigorosamente 1 cucharada al ras diariamente en al menos 12 oz.\u00a0de agua o jugo y consumir inmediatamente.<\/p>\n<p>&#8211;\u00a0 Aseg\u00farese de beber muchos l\u00edquidos adicionales durante el d\u00eda.<\/p>\n<p>&#8211;\u00a0 Comience con cantidades m\u00e1s peque\u00f1as y aumente gradualmente durante varias semanas.<\/p>\n<p>&#8211;\u00a0 Conservar en un lugar fresco y seco una vez abierto.<\/p>\n<p><strong>Fecha de vencimiento:<\/strong><\/p>\n<p>&#8211;\u00a0 Este producto tiene una fecha de vencimiento de 25\/07\/2026<\/p>\n","protected":false},"excerpt":{"rendered":"<p>&#8216;-\u00a0 Es una excelente fuente de fibra, as\u00ed como tambi\u00e9n parte de una dieta baja en grasas saturadas y colesterol. Puede reducir el riesgo de enfermedades card\u00edacas.<\/p>\n<p>&#8211;\u00a0 Una porci\u00f3n de polvo de c\u00e1scara de Psyllium proporciona 6 gramos de los 7 gramos de fibra soluble necesarios por d\u00eda para tener este efecto.<\/p>\n","protected":false},"featured_media":949,"comment_status":"open","ping_status":"closed","template":"","meta":[],"product_brand":[],"product_cat":[55],"product_tag":[],"class_list":{"0":"post-1819","1":"product","2":"type-product","3":"status-publish","4":"has-post-thumbnail","6":"product_cat-nutricional","8":"first","9":"instock","10":"shipping-taxable","11":"purchasable","12":"product-type-simple"},"_links":{"self":[{"href":"https:\/\/new.nowdevenezuela.com\/index.php\/wp-json\/wp\/v2\/product\/1819","targetHints":{"allow":["GET"]}}],"collection":[{"href":"https:\/\/new.nowdevenezuela.com\/index.php\/wp-json\/wp\/v2\/product"}],"about":[{"href":"https:\/\/new.nowdevenezuela.com\/index.php\/wp-json\/wp\/v2\/types\/product"}],"replies":[{"embeddable":true,"href":"https:\/\/new.nowdevenezuela.com\/index.php\/wp-json\/wp\/v2\/comments?post=1819"}],"wp:featuredmedia":[{"embeddable":true,"href":"https:\/\/new.nowdevenezuela.com\/index.php\/wp-json\/wp\/v2\/media\/949"}],"wp:attachment":[{"href":"https:\/\/new.nowdevenezuela.com\/index.php\/wp-json\/wp\/v2\/media?parent=1819"}],"wp:term":[{"taxonomy":"product_brand","embeddable":true,"href":"https:\/\/new.nowdevenezuela.com\/index.php\/wp-json\/wp\/v2\/product_brand?post=1819"},{"taxonomy":"product_cat","embeddable":true,"href":"https:\/\/new.nowdevenezuela.com\/index.php\/wp-json\/wp\/v2\/product_cat?post=1819"},{"taxonomy":"product_tag","embeddable":true,"href":"https:\/\/new.nowdevenezuela.com\/index.php\/wp-json\/wp\/v2\/product_tag?post=1819"}],"curies":[{"name":"wp","href":"https:\/\/api.w.org\/{rel}","templated":true}]}}