{"id":1818,"date":"2025-12-11T15:58:15","date_gmt":"2025-12-11T19:58:15","guid":{"rendered":"https:\/\/new.nowdevenezuela.com\/?post_type=product&#038;p=1818"},"modified":"2025-12-11T15:58:21","modified_gmt":"2025-12-11T19:58:21","slug":"xanthan-gum-polvo-espesante-107-gr","status":"publish","type":"product","link":"https:\/\/new.nowdevenezuela.com\/index.php\/product\/xanthan-gum-polvo-espesante-107-gr\/","title":{"rendered":"Xanthan Gum (polvo espesante) 107 Gr."},"content":{"rendered":"<p><strong>Presentaci\u00f3n:<\/strong><\/p>\n<p>&#8211;\u00a0 Envase de 6 OZ. (170 Grs.)<\/p>\n<p><strong>Modo de uso:<\/strong><\/p>\n<p>&#8211;\u00a0 Usar a gusto del consumidor.<\/p>\n","protected":false},"excerpt":{"rendered":"<p>&#8216;-\u00a0 Real Food\u00ae Xanthan Gum es un agente espesante en polvo, conocido por su capacidad para aumentar la viscosidad de los l\u00edquidos con solo una peque\u00f1a cantidad y es estable en una amplia gama de temperaturas y pH.<\/p>\n<p>&#8211;\u00a0 Es una excelente adici\u00f3n a sus salsas y aderezos favoritos debido a su capacidad para evitar la separaci\u00f3n del aceite y mantener suspendidas las part\u00edculas s\u00f3lidas, como las especias.<\/p>\n<p>&#8211;\u00a0 Permite dar una textura suave a muchos alimentos, por lo que es un complemento deseable para las recetas.<\/p>\n","protected":false},"featured_media":946,"comment_status":"open","ping_status":"closed","template":"","meta":[],"product_brand":[],"product_cat":[55],"product_tag":[],"class_list":{"0":"post-1818","1":"product","2":"type-product","3":"status-publish","4":"has-post-thumbnail","6":"product_cat-nutricional","8":"first","9":"instock","10":"shipping-taxable","11":"purchasable","12":"product-type-simple"},"_links":{"self":[{"href":"https:\/\/new.nowdevenezuela.com\/index.php\/wp-json\/wp\/v2\/product\/1818","targetHints":{"allow":["GET"]}}],"collection":[{"href":"https:\/\/new.nowdevenezuela.com\/index.php\/wp-json\/wp\/v2\/product"}],"about":[{"href":"https:\/\/new.nowdevenezuela.com\/index.php\/wp-json\/wp\/v2\/types\/product"}],"replies":[{"embeddable":true,"href":"https:\/\/new.nowdevenezuela.com\/index.php\/wp-json\/wp\/v2\/comments?post=1818"}],"wp:featuredmedia":[{"embeddable":true,"href":"https:\/\/new.nowdevenezuela.com\/index.php\/wp-json\/wp\/v2\/media\/946"}],"wp:attachment":[{"href":"https:\/\/new.nowdevenezuela.com\/index.php\/wp-json\/wp\/v2\/media?parent=1818"}],"wp:term":[{"taxonomy":"product_brand","embeddable":true,"href":"https:\/\/new.nowdevenezuela.com\/index.php\/wp-json\/wp\/v2\/product_brand?post=1818"},{"taxonomy":"product_cat","embeddable":true,"href":"https:\/\/new.nowdevenezuela.com\/index.php\/wp-json\/wp\/v2\/product_cat?post=1818"},{"taxonomy":"product_tag","embeddable":true,"href":"https:\/\/new.nowdevenezuela.com\/index.php\/wp-json\/wp\/v2\/product_tag?post=1818"}],"curies":[{"name":"wp","href":"https:\/\/api.w.org\/{rel}","templated":true}]}}