{"id":1817,"date":"2025-12-11T15:58:15","date_gmt":"2025-12-11T19:58:15","guid":{"rendered":"https:\/\/new.nowdevenezuela.com\/?post_type=product&#038;p=1817"},"modified":"2025-12-11T15:58:21","modified_gmt":"2025-12-11T19:58:21","slug":"xylitol-edulcorante-natural-454-gr","status":"publish","type":"product","link":"https:\/\/new.nowdevenezuela.com\/index.php\/product\/xylitol-edulcorante-natural-454-gr\/","title":{"rendered":"Xylitol (edulcorante natural) 454 Gr."},"content":{"rendered":"<p><strong>Presentaci\u00f3n:<\/strong><\/p>\n<p>&#8211;\u00a0 Bolsa de 1 LB (454 Grs.)<\/p>\n<p><strong>Modo de uso:<\/strong><\/p>\n<p>&#8211;\u00a0 Usar a gusto del consumidor.<\/p>\n","protected":false},"excerpt":{"rendered":"<p>&#8216;-\u00a0 NOW Real Food\u00ae Xilitol \u00a0es el sustituto perfecto del az\u00facar convencional, ya que posee 1\/3 menos de calor\u00edas, lo que lo hacer perfecto para dietas sin az\u00facares.<\/p>\n<p>&#8211;\u00a0 A diferencia de los az\u00facares como la sacarosa y la fructosa, este alcohol de az\u00facar natural no promueve la caries dental, tiene un bajo impacto gluc\u00e9mico, por lo que es una dieta baja en calor\u00edas, apta para diab\u00e9ticos.<\/p>\n<p class=\"alert\" style=\"text-align: center\">\n","protected":false},"featured_media":943,"comment_status":"open","ping_status":"closed","template":"","meta":[],"product_brand":[],"product_cat":[73,55],"product_tag":[],"class_list":{"0":"post-1817","1":"product","2":"type-product","3":"status-publish","4":"has-post-thumbnail","6":"product_cat-espectro-autismo","7":"product_cat-nutricional","9":"first","10":"instock","11":"shipping-taxable","12":"purchasable","13":"product-type-simple"},"_links":{"self":[{"href":"https:\/\/new.nowdevenezuela.com\/index.php\/wp-json\/wp\/v2\/product\/1817","targetHints":{"allow":["GET"]}}],"collection":[{"href":"https:\/\/new.nowdevenezuela.com\/index.php\/wp-json\/wp\/v2\/product"}],"about":[{"href":"https:\/\/new.nowdevenezuela.com\/index.php\/wp-json\/wp\/v2\/types\/product"}],"replies":[{"embeddable":true,"href":"https:\/\/new.nowdevenezuela.com\/index.php\/wp-json\/wp\/v2\/comments?post=1817"}],"wp:featuredmedia":[{"embeddable":true,"href":"https:\/\/new.nowdevenezuela.com\/index.php\/wp-json\/wp\/v2\/media\/943"}],"wp:attachment":[{"href":"https:\/\/new.nowdevenezuela.com\/index.php\/wp-json\/wp\/v2\/media?parent=1817"}],"wp:term":[{"taxonomy":"product_brand","embeddable":true,"href":"https:\/\/new.nowdevenezuela.com\/index.php\/wp-json\/wp\/v2\/product_brand?post=1817"},{"taxonomy":"product_cat","embeddable":true,"href":"https:\/\/new.nowdevenezuela.com\/index.php\/wp-json\/wp\/v2\/product_cat?post=1817"},{"taxonomy":"product_tag","embeddable":true,"href":"https:\/\/new.nowdevenezuela.com\/index.php\/wp-json\/wp\/v2\/product_tag?post=1817"}],"curies":[{"name":"wp","href":"https:\/\/api.w.org\/{rel}","templated":true}]}}