{"id":1812,"date":"2025-12-11T15:58:15","date_gmt":"2025-12-11T19:58:15","guid":{"rendered":"https:\/\/new.nowdevenezuela.com\/?post_type=product&#038;p=1812"},"modified":"2025-12-11T15:58:19","modified_gmt":"2025-12-11T19:58:19","slug":"l-glutamina-500mg-120-capsulas-vegetales","status":"publish","type":"product","link":"https:\/\/new.nowdevenezuela.com\/index.php\/product\/l-glutamina-500mg-120-capsulas-vegetales\/","title":{"rendered":"L-Glutamina 500mg 120 c\u00e1psulas vegetales"},"content":{"rendered":"<p><strong>Presentaci\u00f3n:<\/strong><\/p>\n<p>&#8211;\u00a0 Envase de 120 capsulas vegetales de 500 mg.<\/p>\n<p><strong>Modo de uso:<\/strong><\/p>\n<p>&#8211;\u00a0 Tomar 1 c\u00e1psula de 1 a 3 veces al d\u00eda, preferentemente entre comidas.<\/p>\n<p>&#8211;\u00a0 Conservar en un lugar fresco y seco una vez abierto.<\/p>\n","protected":false},"excerpt":{"rendered":"<p>&#8216;-\u00a0 La glutamina se considera un amino\u00e1cido condicionalmente esencial, lo que significa que, en determinadas circunstancias, el cuerpo puede necesitar m\u00e1s glutamina de la que puede producir.<\/p>\n<p>&#8211;\u00a0 En el cuerpo, la glutamina funciona como un importante transportador de nitr\u00f3geno y es fundamental para el mantenimiento de un equilibrio saludable de nitr\u00f3geno.<\/p>\n<p>&#8211;\u00a0 Tambi\u00e9n act\u00faa como el principal combustible para las c\u00e9lulas del sistema inmunitario.<\/p>\n","protected":false},"featured_media":928,"comment_status":"open","ping_status":"closed","template":"","meta":[],"product_brand":[],"product_cat":[73,64],"product_tag":[],"class_list":{"0":"post-1812","1":"product","2":"type-product","3":"status-publish","4":"has-post-thumbnail","6":"product_cat-espectro-autismo","7":"product_cat-now-sports","9":"first","10":"instock","11":"shipping-taxable","12":"purchasable","13":"product-type-simple"},"_links":{"self":[{"href":"https:\/\/new.nowdevenezuela.com\/index.php\/wp-json\/wp\/v2\/product\/1812","targetHints":{"allow":["GET"]}}],"collection":[{"href":"https:\/\/new.nowdevenezuela.com\/index.php\/wp-json\/wp\/v2\/product"}],"about":[{"href":"https:\/\/new.nowdevenezuela.com\/index.php\/wp-json\/wp\/v2\/types\/product"}],"replies":[{"embeddable":true,"href":"https:\/\/new.nowdevenezuela.com\/index.php\/wp-json\/wp\/v2\/comments?post=1812"}],"wp:featuredmedia":[{"embeddable":true,"href":"https:\/\/new.nowdevenezuela.com\/index.php\/wp-json\/wp\/v2\/media\/928"}],"wp:attachment":[{"href":"https:\/\/new.nowdevenezuela.com\/index.php\/wp-json\/wp\/v2\/media?parent=1812"}],"wp:term":[{"taxonomy":"product_brand","embeddable":true,"href":"https:\/\/new.nowdevenezuela.com\/index.php\/wp-json\/wp\/v2\/product_brand?post=1812"},{"taxonomy":"product_cat","embeddable":true,"href":"https:\/\/new.nowdevenezuela.com\/index.php\/wp-json\/wp\/v2\/product_cat?post=1812"},{"taxonomy":"product_tag","embeddable":true,"href":"https:\/\/new.nowdevenezuela.com\/index.php\/wp-json\/wp\/v2\/product_tag?post=1812"}],"curies":[{"name":"wp","href":"https:\/\/api.w.org\/{rel}","templated":true}]}}