{"id":1810,"date":"2025-12-11T15:58:14","date_gmt":"2025-12-11T19:58:14","guid":{"rendered":"https:\/\/new.nowdevenezuela.com\/?post_type=product&#038;p=1810"},"modified":"2025-12-11T15:58:18","modified_gmt":"2025-12-11T19:58:18","slug":"tri-amino-apoyo-metabolico-de-las-proteinas-120-capsulas","status":"publish","type":"product","link":"https:\/\/new.nowdevenezuela.com\/index.php\/product\/tri-amino-apoyo-metabolico-de-las-proteinas-120-capsulas\/","title":{"rendered":"Tri-Amino (apoyo metab\u00f3lico de las prote\u00ednas) 120 c\u00e1psulas"},"content":{"rendered":"<p><strong>Presentaci\u00f3n:<\/strong><\/p>\n<p>&#8211;\u00a0 Envase de 120 capsulas vegetales.<\/p>\n<p><strong>Modo de uso:<\/strong><\/p>\n<p>&#8211;\u00a0 Tomar 2 c\u00e1psulas al d\u00eda con zumo o agua. Tomar antes del ejercicio o antes de acostarse.<\/p>\n<p>&#8211;\u00a0 Conservar en un lugar fresco y seco una vez abierto.<\/p>\n","protected":false},"excerpt":{"rendered":"<p>&#8216;-\u00a0 Tri-Amino es un producto que combina tres amino\u00e1cidos importantes en una f\u00f3rmula f\u00e1cil de tomar. La Arginina y la Ornitina son componentes esenciales del ciclo de la urea.<\/p>\n<p>&#8211; Este ciclo desintoxicante permite que el cuerpo convierta el amon\u00edaco, el subproducto t\u00f3xico de la descomposici\u00f3n de los amino\u00e1cidos, en urea.<\/p>\n<p>&#8211;\u00a0 \u00a0Tambi\u00e9n contiene Lisina, un amino\u00e1cido esencial conocido por su papel en la el mantenimiento del balance de nitr\u00f3geno. Juntos, estos amino\u00e1cidos son cr\u00edticos para el metabolismo de las prote\u00ednas.<\/p>\n","protected":false},"featured_media":922,"comment_status":"open","ping_status":"closed","template":"","meta":[],"product_brand":[],"product_cat":[64],"product_tag":[],"class_list":{"0":"post-1810","1":"product","2":"type-product","3":"status-publish","4":"has-post-thumbnail","6":"product_cat-now-sports","8":"first","9":"instock","10":"shipping-taxable","11":"purchasable","12":"product-type-simple"},"_links":{"self":[{"href":"https:\/\/new.nowdevenezuela.com\/index.php\/wp-json\/wp\/v2\/product\/1810","targetHints":{"allow":["GET"]}}],"collection":[{"href":"https:\/\/new.nowdevenezuela.com\/index.php\/wp-json\/wp\/v2\/product"}],"about":[{"href":"https:\/\/new.nowdevenezuela.com\/index.php\/wp-json\/wp\/v2\/types\/product"}],"replies":[{"embeddable":true,"href":"https:\/\/new.nowdevenezuela.com\/index.php\/wp-json\/wp\/v2\/comments?post=1810"}],"wp:featuredmedia":[{"embeddable":true,"href":"https:\/\/new.nowdevenezuela.com\/index.php\/wp-json\/wp\/v2\/media\/922"}],"wp:attachment":[{"href":"https:\/\/new.nowdevenezuela.com\/index.php\/wp-json\/wp\/v2\/media?parent=1810"}],"wp:term":[{"taxonomy":"product_brand","embeddable":true,"href":"https:\/\/new.nowdevenezuela.com\/index.php\/wp-json\/wp\/v2\/product_brand?post=1810"},{"taxonomy":"product_cat","embeddable":true,"href":"https:\/\/new.nowdevenezuela.com\/index.php\/wp-json\/wp\/v2\/product_cat?post=1810"},{"taxonomy":"product_tag","embeddable":true,"href":"https:\/\/new.nowdevenezuela.com\/index.php\/wp-json\/wp\/v2\/product_tag?post=1810"}],"curies":[{"name":"wp","href":"https:\/\/api.w.org\/{rel}","templated":true}]}}