{"id":1803,"date":"2025-12-11T15:58:14","date_gmt":"2025-12-11T19:58:14","guid":{"rendered":"https:\/\/new.nowdevenezuela.com\/?post_type=product&#038;p=1803"},"modified":"2025-12-11T15:58:17","modified_gmt":"2025-12-11T19:58:17","slug":"melatonin-liquida-apoyo-al-ciclo-de-sueno-59-ml","status":"publish","type":"product","link":"https:\/\/new.nowdevenezuela.com\/index.php\/product\/melatonin-liquida-apoyo-al-ciclo-de-sueno-59-ml\/","title":{"rendered":"Melatonin Liquida (apoyo al ciclo de sue\u00f1o) 59 mL"},"content":{"rendered":"<p><strong>Presentaci\u00f3n:<\/strong><\/p>\n<p>&#8211;\u00a0 Envase de 2 FL. OZ (59 ML).<\/p>\n<p><strong>Modo de uso:<\/strong><\/p>\n<p>&#8211;\u00a0 Agitar bien. Tomar 1\/4 de cucharadita (20 gotas) justo antes de acostarse.<\/p>\n<p>&#8211;\u00a0 Tome directamente o agr\u00e9guelo a su bebida favorita.<\/p>\n<p><strong>Fecha de vencimiento:<\/strong><\/p>\n<p>&#8211;\u00a0 Este producto tiene una fecha de vencimiento de 21\/07\/2026<\/p>\n","protected":false},"excerpt":{"rendered":"<p>&#8216;-\u00a0 La melatonina es un potente eliminador de radicales libres que se produce naturalmente en la gl\u00e1ndula pineal y est\u00e1 presente en grandes cantidades en el tracto gastrointestinal.<\/p>\n<p>&#8211;\u00a0 Est\u00e1 involucrada en muchas de las funciones biol\u00f3gicas del cuerpo, el cerebro y las gl\u00e1ndulas funciones que incluyen la regulaci\u00f3n de los ciclos normales de sue\u00f1o\/vigilia, la regulaci\u00f3n del sistema inmunitario y el mantenimiento de un revestimiento gastrointestinal saludable.<\/p>\n","protected":false},"featured_media":900,"comment_status":"open","ping_status":"closed","template":"","meta":[],"product_brand":[],"product_cat":[81],"product_tag":[],"class_list":{"0":"post-1803","1":"product","2":"type-product","3":"status-publish","4":"has-post-thumbnail","6":"product_cat-restaurador-del-sueno","8":"first","9":"instock","10":"shipping-taxable","11":"purchasable","12":"product-type-simple"},"_links":{"self":[{"href":"https:\/\/new.nowdevenezuela.com\/index.php\/wp-json\/wp\/v2\/product\/1803","targetHints":{"allow":["GET"]}}],"collection":[{"href":"https:\/\/new.nowdevenezuela.com\/index.php\/wp-json\/wp\/v2\/product"}],"about":[{"href":"https:\/\/new.nowdevenezuela.com\/index.php\/wp-json\/wp\/v2\/types\/product"}],"replies":[{"embeddable":true,"href":"https:\/\/new.nowdevenezuela.com\/index.php\/wp-json\/wp\/v2\/comments?post=1803"}],"wp:featuredmedia":[{"embeddable":true,"href":"https:\/\/new.nowdevenezuela.com\/index.php\/wp-json\/wp\/v2\/media\/900"}],"wp:attachment":[{"href":"https:\/\/new.nowdevenezuela.com\/index.php\/wp-json\/wp\/v2\/media?parent=1803"}],"wp:term":[{"taxonomy":"product_brand","embeddable":true,"href":"https:\/\/new.nowdevenezuela.com\/index.php\/wp-json\/wp\/v2\/product_brand?post=1803"},{"taxonomy":"product_cat","embeddable":true,"href":"https:\/\/new.nowdevenezuela.com\/index.php\/wp-json\/wp\/v2\/product_cat?post=1803"},{"taxonomy":"product_tag","embeddable":true,"href":"https:\/\/new.nowdevenezuela.com\/index.php\/wp-json\/wp\/v2\/product_tag?post=1803"}],"curies":[{"name":"wp","href":"https:\/\/api.w.org\/{rel}","templated":true}]}}