{"id":1801,"date":"2025-12-11T15:58:13","date_gmt":"2025-12-11T19:58:13","guid":{"rendered":"https:\/\/new.nowdevenezuela.com\/?post_type=product&#038;p=1801"},"modified":"2025-12-11T15:58:17","modified_gmt":"2025-12-11T19:58:17","slug":"l-tyrosine-neurotransmisor-500mg-120-capsulas","status":"publish","type":"product","link":"https:\/\/new.nowdevenezuela.com\/index.php\/product\/l-tyrosine-neurotransmisor-500mg-120-capsulas\/","title":{"rendered":"L-Tyrosine (neurotransmisor) 500mg 120 c\u00e1psulas"},"content":{"rendered":"<p><strong>Presentaci\u00f3n:<\/strong><\/p>\n<p>&#8211;\u00a0 Envase de 120 capsulas vegetales.<\/p>\n<p><strong>Modo de uso:<\/strong><\/p>\n<p>&#8211;\u00a0 Tomar 1 c\u00e1psula de 1 a 3 veces al d\u00eda, preferentemente entre comidas.<\/p>\n","protected":false},"excerpt":{"rendered":"<p>&#8216;-\u00a0 La L-tirosina es un amino\u00e1cido condicionalmente indispensable requerido para la producci\u00f3n de los neurotransmisores dopamina, adrenalina y noradrenalina, as\u00ed como para el pigmento de la piel, la melanina.<\/p>\n<p>&#8211;\u00a0 Adem\u00e1s, la L-tirosina es especialmente cr\u00edtica para el funcionamiento normal de la gl\u00e1ndula tiroides.<\/p>\n<p>&#8211;\u00a0 La L-tirosina utilizada en este producto es de grado farmac\u00e9utico.<\/p>\n","protected":false},"featured_media":894,"comment_status":"open","ping_status":"closed","template":"","meta":[],"product_brand":[],"product_cat":[77],"product_tag":[],"class_list":{"0":"post-1801","1":"product","2":"type-product","3":"status-publish","4":"has-post-thumbnail","6":"product_cat-salud-cerebral","8":"first","9":"instock","10":"shipping-taxable","11":"purchasable","12":"product-type-simple"},"_links":{"self":[{"href":"https:\/\/new.nowdevenezuela.com\/index.php\/wp-json\/wp\/v2\/product\/1801","targetHints":{"allow":["GET"]}}],"collection":[{"href":"https:\/\/new.nowdevenezuela.com\/index.php\/wp-json\/wp\/v2\/product"}],"about":[{"href":"https:\/\/new.nowdevenezuela.com\/index.php\/wp-json\/wp\/v2\/types\/product"}],"replies":[{"embeddable":true,"href":"https:\/\/new.nowdevenezuela.com\/index.php\/wp-json\/wp\/v2\/comments?post=1801"}],"wp:featuredmedia":[{"embeddable":true,"href":"https:\/\/new.nowdevenezuela.com\/index.php\/wp-json\/wp\/v2\/media\/894"}],"wp:attachment":[{"href":"https:\/\/new.nowdevenezuela.com\/index.php\/wp-json\/wp\/v2\/media?parent=1801"}],"wp:term":[{"taxonomy":"product_brand","embeddable":true,"href":"https:\/\/new.nowdevenezuela.com\/index.php\/wp-json\/wp\/v2\/product_brand?post=1801"},{"taxonomy":"product_cat","embeddable":true,"href":"https:\/\/new.nowdevenezuela.com\/index.php\/wp-json\/wp\/v2\/product_cat?post=1801"},{"taxonomy":"product_tag","embeddable":true,"href":"https:\/\/new.nowdevenezuela.com\/index.php\/wp-json\/wp\/v2\/product_tag?post=1801"}],"curies":[{"name":"wp","href":"https:\/\/api.w.org\/{rel}","templated":true}]}}