{"id":1797,"date":"2025-12-11T15:58:07","date_gmt":"2025-12-11T19:58:07","guid":{"rendered":"https:\/\/new.nowdevenezuela.com\/?post_type=product&#038;p=1797"},"modified":"2025-12-11T15:58:13","modified_gmt":"2025-12-11T19:58:13","slug":"pancreatin-2000-soporte-digestivo-100-capsulas","status":"publish","type":"product","link":"https:\/\/new.nowdevenezuela.com\/index.php\/product\/pancreatin-2000-soporte-digestivo-100-capsulas\/","title":{"rendered":"Pancreatin 2000 (soporte digestivo) 100 c\u00e1psulas"},"content":{"rendered":"<p><strong>Presentaci\u00f3n:<\/strong><\/p>\n<p>&#8211;\u00a0 Envase de 100 capsulas vegetales.<\/p>\n<p><strong>Modo de uso:<\/strong><\/p>\n<p>&#8211;\u00a0 Tome 1 c\u00e1psula de 1 a 3 veces al d\u00eda con o entre comidas.<\/p>\n<p>&#8211;\u00a0 Conservar en un lugar fresco y seco una vez abierto.<\/p>\n<p><strong>Fecha de vencimiento:<\/strong><\/p>\n<p>&#8211;\u00a0 Este producto tiene una fecha de vencimiento de 20\/06\/2026<\/p>\n","protected":false},"excerpt":{"rendered":"<p>&#8216;-\u00a0 La pancreatina es una preparaci\u00f3n de enzimas pancre\u00e1ticas porcinas. Contiene enzimas naturales de proteasa (digesti\u00f3n de prote\u00ednas), amilasa (digesti\u00f3n de carbohidratos) y lipasa (digesti\u00f3n de grasas).<\/p>\n<p>&#8211;\u00a0 Ayuda a la digesti\u00f3n de prote\u00ednas, grasas y carbohidratos.<\/p>\n","protected":false},"featured_media":882,"comment_status":"open","ping_status":"closed","template":"","meta":[],"product_brand":[],"product_cat":[62],"product_tag":[],"class_list":{"0":"post-1797","1":"product","2":"type-product","3":"status-publish","4":"has-post-thumbnail","6":"product_cat-salud-digestiva","8":"first","9":"instock","10":"shipping-taxable","11":"purchasable","12":"product-type-simple"},"_links":{"self":[{"href":"https:\/\/new.nowdevenezuela.com\/index.php\/wp-json\/wp\/v2\/product\/1797","targetHints":{"allow":["GET"]}}],"collection":[{"href":"https:\/\/new.nowdevenezuela.com\/index.php\/wp-json\/wp\/v2\/product"}],"about":[{"href":"https:\/\/new.nowdevenezuela.com\/index.php\/wp-json\/wp\/v2\/types\/product"}],"replies":[{"embeddable":true,"href":"https:\/\/new.nowdevenezuela.com\/index.php\/wp-json\/wp\/v2\/comments?post=1797"}],"wp:featuredmedia":[{"embeddable":true,"href":"https:\/\/new.nowdevenezuela.com\/index.php\/wp-json\/wp\/v2\/media\/882"}],"wp:attachment":[{"href":"https:\/\/new.nowdevenezuela.com\/index.php\/wp-json\/wp\/v2\/media?parent=1797"}],"wp:term":[{"taxonomy":"product_brand","embeddable":true,"href":"https:\/\/new.nowdevenezuela.com\/index.php\/wp-json\/wp\/v2\/product_brand?post=1797"},{"taxonomy":"product_cat","embeddable":true,"href":"https:\/\/new.nowdevenezuela.com\/index.php\/wp-json\/wp\/v2\/product_cat?post=1797"},{"taxonomy":"product_tag","embeddable":true,"href":"https:\/\/new.nowdevenezuela.com\/index.php\/wp-json\/wp\/v2\/product_tag?post=1797"}],"curies":[{"name":"wp","href":"https:\/\/api.w.org\/{rel}","templated":true}]}}