{"id":1796,"date":"2025-12-11T15:58:07","date_gmt":"2025-12-11T19:58:07","guid":{"rendered":"https:\/\/new.nowdevenezuela.com\/?post_type=product&#038;p=1796"},"modified":"2025-12-11T15:58:12","modified_gmt":"2025-12-11T19:58:12","slug":"gluten-digest-60-capsulas-vegetales","status":"publish","type":"product","link":"https:\/\/new.nowdevenezuela.com\/index.php\/product\/gluten-digest-60-capsulas-vegetales\/","title":{"rendered":"Gluten Digest 60 c\u00e1psulas vegetales"},"content":{"rendered":"<p><strong>Presentaci\u00f3n:<\/strong><\/p>\n<p>&#8211;\u00a0 Envase de 60 capsulas vegetales.<\/p>\n<p><strong>Modo de uso:<\/strong><\/p>\n<p>&#8211;\u00a0 Tomar 1 c\u00e1psula al inicio de cualquier comida que pueda contener gluten.<\/p>\n<p>&nbsp;<\/p>\n","protected":false},"excerpt":{"rendered":"<p>&#8216;-\u00a0 Gluten Digest \u00a0BioCore\u00aeDPP IV ayuda a digerir el gluten y los granos de cereales, es una mezcla integral de enzimas formulada para promover la digesti\u00f3n completa de los granos de cereales.<\/p>\n<p>&#8211;\u00a0 La DPP IV (dipeptidil peptidasa IV) es una enzima \u00fanica con actividad espec\u00edfica contra los enlaces de prolina caracter\u00edsticos que se encuentran en las prote\u00ednas de los granos de cereales.<\/p>\n<p>&#8211;\u00a0 Gluten Digest tambi\u00e9n incluye proteasas y amilasas que se ocupan de otros componentes de prote\u00ednas y carbohidratos que com\u00fanmente se encuentran en estos alimentos.<\/p>\n","protected":false},"featured_media":879,"comment_status":"open","ping_status":"closed","template":"","meta":[],"product_brand":[],"product_cat":[73,62],"product_tag":[],"class_list":{"0":"post-1796","1":"product","2":"type-product","3":"status-publish","4":"has-post-thumbnail","6":"product_cat-espectro-autismo","7":"product_cat-salud-digestiva","9":"first","10":"instock","11":"shipping-taxable","12":"purchasable","13":"product-type-simple"},"_links":{"self":[{"href":"https:\/\/new.nowdevenezuela.com\/index.php\/wp-json\/wp\/v2\/product\/1796","targetHints":{"allow":["GET"]}}],"collection":[{"href":"https:\/\/new.nowdevenezuela.com\/index.php\/wp-json\/wp\/v2\/product"}],"about":[{"href":"https:\/\/new.nowdevenezuela.com\/index.php\/wp-json\/wp\/v2\/types\/product"}],"replies":[{"embeddable":true,"href":"https:\/\/new.nowdevenezuela.com\/index.php\/wp-json\/wp\/v2\/comments?post=1796"}],"wp:featuredmedia":[{"embeddable":true,"href":"https:\/\/new.nowdevenezuela.com\/index.php\/wp-json\/wp\/v2\/media\/879"}],"wp:attachment":[{"href":"https:\/\/new.nowdevenezuela.com\/index.php\/wp-json\/wp\/v2\/media?parent=1796"}],"wp:term":[{"taxonomy":"product_brand","embeddable":true,"href":"https:\/\/new.nowdevenezuela.com\/index.php\/wp-json\/wp\/v2\/product_brand?post=1796"},{"taxonomy":"product_cat","embeddable":true,"href":"https:\/\/new.nowdevenezuela.com\/index.php\/wp-json\/wp\/v2\/product_cat?post=1796"},{"taxonomy":"product_tag","embeddable":true,"href":"https:\/\/new.nowdevenezuela.com\/index.php\/wp-json\/wp\/v2\/product_tag?post=1796"}],"curies":[{"name":"wp","href":"https:\/\/api.w.org\/{rel}","templated":true}]}}