{"id":1795,"date":"2025-12-11T15:58:07","date_gmt":"2025-12-11T19:58:07","guid":{"rendered":"https:\/\/new.nowdevenezuela.com\/?post_type=product&#038;p=1795"},"modified":"2025-12-11T15:58:12","modified_gmt":"2025-12-11T19:58:12","slug":"chewyzymes-salud-digestiva-90-tabletas-masticables","status":"publish","type":"product","link":"https:\/\/new.nowdevenezuela.com\/index.php\/product\/chewyzymes-salud-digestiva-90-tabletas-masticables\/","title":{"rendered":"ChewyZymes (salud digestiva) 90 tabletas masticables"},"content":{"rendered":"<p><strong>Presentaci\u00f3n:<\/strong><\/p>\n<p>&#8211;\u00a0 Envase de 90 pastillas masticables.<\/p>\n<p><strong>Modo de uso:<\/strong><\/p>\n<p>&#8211;\u00a0 <strong>Adultos:<\/strong> Mastique 2 tabletas con o antes de cada comida.<\/p>\n<p>&#8211;\u00a0<strong> Ni\u00f1os:<\/strong> (de 4 a\u00f1os en adelante): mastique 1 tableta con o antes de cada comida.<\/p>\n","protected":false},"excerpt":{"rendered":"<p>&#8216;-\u00a0 ChewyZymes\u2122 es una formulaci\u00f3n de enzimas digestivas de amplio espectro en una tableta masticable vegetariana con sabor a bayas naturales para adultos y ni\u00f1os.<\/p>\n<p>&#8211;\u00a0 Est\u00e1 dise\u00f1ado para apoyar la digesti\u00f3n \u00f3ptima de las comidas., ya que las enzimas digestivas son esenciales para la absorci\u00f3n corporal y el uso completo de los alimentos.<\/p>\n<p>&#8211;\u00a0 Las enzimas utilizadas en este producto han sido probadas en un estudio de laboratorio controlado y se ha demostrado que est\u00e1n activas durante todo el proceso.<\/p>\n","protected":false},"featured_media":876,"comment_status":"open","ping_status":"closed","template":"","meta":[],"product_brand":[],"product_cat":[80],"product_tag":[],"class_list":{"0":"post-1795","1":"product","2":"type-product","3":"status-publish","4":"has-post-thumbnail","6":"product_cat-sin-categorizar","8":"first","9":"instock","10":"shipping-taxable","11":"purchasable","12":"product-type-simple"},"_links":{"self":[{"href":"https:\/\/new.nowdevenezuela.com\/index.php\/wp-json\/wp\/v2\/product\/1795","targetHints":{"allow":["GET"]}}],"collection":[{"href":"https:\/\/new.nowdevenezuela.com\/index.php\/wp-json\/wp\/v2\/product"}],"about":[{"href":"https:\/\/new.nowdevenezuela.com\/index.php\/wp-json\/wp\/v2\/types\/product"}],"replies":[{"embeddable":true,"href":"https:\/\/new.nowdevenezuela.com\/index.php\/wp-json\/wp\/v2\/comments?post=1795"}],"wp:featuredmedia":[{"embeddable":true,"href":"https:\/\/new.nowdevenezuela.com\/index.php\/wp-json\/wp\/v2\/media\/876"}],"wp:attachment":[{"href":"https:\/\/new.nowdevenezuela.com\/index.php\/wp-json\/wp\/v2\/media?parent=1795"}],"wp:term":[{"taxonomy":"product_brand","embeddable":true,"href":"https:\/\/new.nowdevenezuela.com\/index.php\/wp-json\/wp\/v2\/product_brand?post=1795"},{"taxonomy":"product_cat","embeddable":true,"href":"https:\/\/new.nowdevenezuela.com\/index.php\/wp-json\/wp\/v2\/product_cat?post=1795"},{"taxonomy":"product_tag","embeddable":true,"href":"https:\/\/new.nowdevenezuela.com\/index.php\/wp-json\/wp\/v2\/product_tag?post=1795"}],"curies":[{"name":"wp","href":"https:\/\/api.w.org\/{rel}","templated":true}]}}