{"id":1790,"date":"2025-12-11T15:58:06","date_gmt":"2025-12-11T19:58:06","guid":{"rendered":"https:\/\/new.nowdevenezuela.com\/?post_type=product&#038;p=1790"},"modified":"2025-12-11T15:58:11","modified_gmt":"2025-12-11T19:58:11","slug":"aceite-de-onagra-500-mg-evening-primrose-oil","status":"publish","type":"product","link":"https:\/\/new.nowdevenezuela.com\/index.php\/product\/aceite-de-onagra-500-mg-evening-primrose-oil\/","title":{"rendered":"Aceite de Onagra 500 mg (Evening Primrose Oil)"},"content":{"rendered":"<p><strong>Presentaci\u00f3n:<\/strong><\/p>\n<p>&#8211;\u00a0 Aceite de Onagra, envase de 90 capsulas blandas de 500 MG.<\/p>\n<p><strong>Modo de uso:<\/strong><\/p>\n<p>&#8211;\u00a0 Tome 3 c\u00e1psulas blandas al d\u00eda con alimentos.<\/p>\n<p>&#8211;\u00a0 Conservar en un lugar fresco y seco una vez abierto.<\/p>\n","protected":false},"excerpt":{"rendered":"<p>&#8216;-\u00a0 NOW\u00ae Evening Primrose Oil tiene \u00e1cido gamma-linol\u00e9nico (GLA) natural, un \u00e1cido graso Omega-6 que tambi\u00e9n se encuentra en los aceites de Semilla de borraja y Grosella negra.<\/p>\n<p>&#8211;\u00a0 Aunque el cuerpo puede sintetizar GLA a partir de otras grasas diet\u00e9ticas, puede utilizarse de manera m\u00e1s eficiente para las funciones corporales cuando se consume en su estado preformado.<\/p>\n<p>&#8211;\u00a0 Al respaldar las respuestas saludables del sistema inmunitario del cuerpo, el GLA puede ayudar a mantener la funci\u00f3n normal de la barrera de la piel, as\u00ed como un sistema vascular saludable.<\/p>\n<p class=\"alert\" style=\"text-align: center\">\n","protected":false},"featured_media":861,"comment_status":"open","ping_status":"closed","template":"","meta":[],"product_brand":[],"product_cat":[78],"product_tag":[],"class_list":{"0":"post-1790","1":"product","2":"type-product","3":"status-publish","4":"has-post-thumbnail","6":"product_cat-salud-femenina","8":"first","9":"instock","10":"shipping-taxable","11":"purchasable","12":"product-type-simple"},"_links":{"self":[{"href":"https:\/\/new.nowdevenezuela.com\/index.php\/wp-json\/wp\/v2\/product\/1790","targetHints":{"allow":["GET"]}}],"collection":[{"href":"https:\/\/new.nowdevenezuela.com\/index.php\/wp-json\/wp\/v2\/product"}],"about":[{"href":"https:\/\/new.nowdevenezuela.com\/index.php\/wp-json\/wp\/v2\/types\/product"}],"replies":[{"embeddable":true,"href":"https:\/\/new.nowdevenezuela.com\/index.php\/wp-json\/wp\/v2\/comments?post=1790"}],"wp:featuredmedia":[{"embeddable":true,"href":"https:\/\/new.nowdevenezuela.com\/index.php\/wp-json\/wp\/v2\/media\/861"}],"wp:attachment":[{"href":"https:\/\/new.nowdevenezuela.com\/index.php\/wp-json\/wp\/v2\/media?parent=1790"}],"wp:term":[{"taxonomy":"product_brand","embeddable":true,"href":"https:\/\/new.nowdevenezuela.com\/index.php\/wp-json\/wp\/v2\/product_brand?post=1790"},{"taxonomy":"product_cat","embeddable":true,"href":"https:\/\/new.nowdevenezuela.com\/index.php\/wp-json\/wp\/v2\/product_cat?post=1790"},{"taxonomy":"product_tag","embeddable":true,"href":"https:\/\/new.nowdevenezuela.com\/index.php\/wp-json\/wp\/v2\/product_tag?post=1790"}],"curies":[{"name":"wp","href":"https:\/\/api.w.org\/{rel}","templated":true}]}}