{"id":1784,"date":"2025-12-11T15:58:05","date_gmt":"2025-12-11T19:58:05","guid":{"rendered":"https:\/\/new.nowdevenezuela.com\/?post_type=product&#038;p=1784"},"modified":"2025-12-11T15:58:10","modified_gmt":"2025-12-11T19:58:10","slug":"lutein-zeaxanthin-60-capsulas-vegetales","status":"publish","type":"product","link":"https:\/\/new.nowdevenezuela.com\/index.php\/product\/lutein-zeaxanthin-60-capsulas-vegetales\/","title":{"rendered":"Lutein &amp; Zeaxanthin 60 c\u00e1psulas vegetales"},"content":{"rendered":"<p><strong>Presentaci\u00f3n:\u00a0<\/strong><\/p>\n<p>&#8211;\u00a0 Envase de 60 capsulas blandas.<\/p>\n<p><strong>Modo de uso:\u00a0<\/strong><\/p>\n<p>&#8211; Tome 1 c\u00e1psula blanda al d\u00eda con una comida rica en grasas.<\/p>\n","protected":false},"excerpt":{"rendered":"<p>&#8216;- La lute\u00edna y la zeaxantina son pigmentos carotenoides que eliminan los radicales libres y que a menudo se encuentran juntos en las verduras.<\/p>\n<p>&#8211; Estos carotenoides desempe\u00f1an un papel en la optimizaci\u00f3n de la calidad del sue\u00f1o al minimizar la latencia del sue\u00f1o y el despertar durante la noche.<\/p>\n","protected":false},"featured_media":843,"comment_status":"open","ping_status":"closed","template":"","meta":[],"product_brand":[],"product_cat":[47],"product_tag":[],"class_list":{"0":"post-1784","1":"product","2":"type-product","3":"status-publish","4":"has-post-thumbnail","6":"product_cat-salud-ocular","8":"first","9":"instock","10":"shipping-taxable","11":"purchasable","12":"product-type-simple"},"_links":{"self":[{"href":"https:\/\/new.nowdevenezuela.com\/index.php\/wp-json\/wp\/v2\/product\/1784","targetHints":{"allow":["GET"]}}],"collection":[{"href":"https:\/\/new.nowdevenezuela.com\/index.php\/wp-json\/wp\/v2\/product"}],"about":[{"href":"https:\/\/new.nowdevenezuela.com\/index.php\/wp-json\/wp\/v2\/types\/product"}],"replies":[{"embeddable":true,"href":"https:\/\/new.nowdevenezuela.com\/index.php\/wp-json\/wp\/v2\/comments?post=1784"}],"wp:featuredmedia":[{"embeddable":true,"href":"https:\/\/new.nowdevenezuela.com\/index.php\/wp-json\/wp\/v2\/media\/843"}],"wp:attachment":[{"href":"https:\/\/new.nowdevenezuela.com\/index.php\/wp-json\/wp\/v2\/media?parent=1784"}],"wp:term":[{"taxonomy":"product_brand","embeddable":true,"href":"https:\/\/new.nowdevenezuela.com\/index.php\/wp-json\/wp\/v2\/product_brand?post=1784"},{"taxonomy":"product_cat","embeddable":true,"href":"https:\/\/new.nowdevenezuela.com\/index.php\/wp-json\/wp\/v2\/product_cat?post=1784"},{"taxonomy":"product_tag","embeddable":true,"href":"https:\/\/new.nowdevenezuela.com\/index.php\/wp-json\/wp\/v2\/product_tag?post=1784"}],"curies":[{"name":"wp","href":"https:\/\/api.w.org\/{rel}","templated":true}]}}