{"id":1779,"date":"2025-12-11T15:58:05","date_gmt":"2025-12-11T19:58:05","guid":{"rendered":"https:\/\/new.nowdevenezuela.com\/?post_type=product&#038;p=1779"},"modified":"2025-12-11T15:58:09","modified_gmt":"2025-12-11T19:58:09","slug":"gaba-750mg-100-capsulas-vegetales","status":"publish","type":"product","link":"https:\/\/new.nowdevenezuela.com\/index.php\/product\/gaba-750mg-100-capsulas-vegetales\/","title":{"rendered":"GABA 750mg 100 c\u00e1psulas vegetales"},"content":{"rendered":"<p style=\"text-align: left\"><strong>Presentaci\u00f3n:<\/strong><\/p>\n<p style=\"text-align: left\">&#8211;\u00a0 Envase de 100 capsulas vegetales de 750 mg.<\/p>\n<p style=\"text-align: left\"><strong>Modo de uso:<\/strong><\/p>\n<p style=\"text-align: left\"><span class=\"tlid-translation translation\" lang=\"es\"><span class=\"\" title=\"\">&#8211;\u00a0 Tomar 1 c\u00e1psula 1 vez al d\u00eda preferiblemente con las comidas.<\/span><\/span><\/p>\n<p style=\"text-align: left\"><span class=\"\" title=\"\">&#8211;\u00a0 Almacene en un lugar fresco y seco despu\u00e9s de abrir.<\/span><\/p>\n<p>&nbsp;<\/p>\n<p style=\"text-align: center\">.<\/p>\n<p style=\"text-align: left\">\n","protected":false},"excerpt":{"rendered":"<p>&#8216;-\u00a0 El GABA (\u00e1cido gamma-aminobut\u00edrico) es un amino\u00e1cido no proteico que funciona como un neurotransmisor en el cerebro humano.<\/p>\n<p>&#8211;\u00a0 El GABA se produce naturalmente en el cuerpo y su presencia en el sistema nervioso central puede ayudar a promover la relajaci\u00f3n y aliviar la tensi\u00f3n nerviosa.<\/p>\n<p>&#8211;\u00a0 Puede ocurrir una variaci\u00f3n de color natural en este producto.<\/p>\n","protected":false},"featured_media":828,"comment_status":"open","ping_status":"closed","template":"","meta":[],"product_brand":[],"product_cat":[73,46,77],"product_tag":[66],"class_list":{"0":"post-1779","1":"product","2":"type-product","3":"status-publish","4":"has-post-thumbnail","6":"product_cat-espectro-autismo","7":"product_cat-mas-vendido","8":"product_cat-salud-cerebral","9":"product_tag-metabolismo-rendimiento","11":"first","12":"instock","13":"shipping-taxable","14":"purchasable","15":"product-type-simple"},"_links":{"self":[{"href":"https:\/\/new.nowdevenezuela.com\/index.php\/wp-json\/wp\/v2\/product\/1779","targetHints":{"allow":["GET"]}}],"collection":[{"href":"https:\/\/new.nowdevenezuela.com\/index.php\/wp-json\/wp\/v2\/product"}],"about":[{"href":"https:\/\/new.nowdevenezuela.com\/index.php\/wp-json\/wp\/v2\/types\/product"}],"replies":[{"embeddable":true,"href":"https:\/\/new.nowdevenezuela.com\/index.php\/wp-json\/wp\/v2\/comments?post=1779"}],"wp:featuredmedia":[{"embeddable":true,"href":"https:\/\/new.nowdevenezuela.com\/index.php\/wp-json\/wp\/v2\/media\/828"}],"wp:attachment":[{"href":"https:\/\/new.nowdevenezuela.com\/index.php\/wp-json\/wp\/v2\/media?parent=1779"}],"wp:term":[{"taxonomy":"product_brand","embeddable":true,"href":"https:\/\/new.nowdevenezuela.com\/index.php\/wp-json\/wp\/v2\/product_brand?post=1779"},{"taxonomy":"product_cat","embeddable":true,"href":"https:\/\/new.nowdevenezuela.com\/index.php\/wp-json\/wp\/v2\/product_cat?post=1779"},{"taxonomy":"product_tag","embeddable":true,"href":"https:\/\/new.nowdevenezuela.com\/index.php\/wp-json\/wp\/v2\/product_tag?post=1779"}],"curies":[{"name":"wp","href":"https:\/\/api.w.org\/{rel}","templated":true}]}}