{"id":1778,"date":"2025-12-11T15:58:05","date_gmt":"2025-12-11T19:58:05","guid":{"rendered":"https:\/\/new.nowdevenezuela.com\/?post_type=product&#038;p=1778"},"modified":"2025-12-11T15:58:09","modified_gmt":"2025-12-11T19:58:09","slug":"probiotic-10-25-billion-50-capsulas-vegetales","status":"publish","type":"product","link":"https:\/\/new.nowdevenezuela.com\/index.php\/product\/probiotic-10-25-billion-50-capsulas-vegetales\/","title":{"rendered":"Probiotic-10 25 Billion 50 c\u00e1psulas vegetales"},"content":{"rendered":"<p style=\"text-align: left\"><strong>Presentaci\u00f3n:<\/strong><\/p>\n<p style=\"text-align: left\">&#8211;\u00a0 Envase de 50 capsulas vegetales de 500 mg.<\/p>\n<p style=\"text-align: left\"><strong>Modo de uso:<\/strong><\/p>\n<p style=\"text-align: left\"><span class=\"tlid-translation translation\" lang=\"es\"><span class=\"\" title=\"\">&#8211;\u00a0 Tomar 1 c\u00e1psula 1 a 2 veces al d\u00eda entre comidas.<\/span><\/span><\/p>\n<p style=\"text-align: left\"><span class=\"\" title=\"\">&#8211;\u00a0 Almacene en un lugar fresco y seco despu\u00e9s de abrir.<\/span><\/p>\n<p><strong>Fecha de vencimiento:<\/strong><\/p>\n<p>&#8211;\u00a0 Este producto tiene una fecha de vencimiento de 01\/11\/2027<\/p>\n","protected":false},"excerpt":{"rendered":"<p>&#8216;-\u00a0 NOW\u00ae Probiotic-10 \u2122 ofrece un espectro equilibrado de organismos vivos que consta de cepas de bacterias probi\u00f3ticas resistentes a los \u00e1cidos que se sabe que colonizan naturalmente el tracto gastrointestinal humano.<\/p>\n<p>&#8211;\u00a0 Las bacterias probi\u00f3ticas ayudan a mantener la integridad del intestino revestimiento, apoyan la motilidad intestinal adecuada y participan en el proceso de desintoxicaci\u00f3n.<\/p>\n<p>&#8211;\u00a0 Probiotic-10 \u2122 utiliza cepas bacterianas que han sido validadas cl\u00ednicamente por su apoyo a la funci\u00f3n saludable del sistema inmunol\u00f3gico.<\/p>\n<p>&#8211;\u00a0 Este producto est\u00e1 formulado para ofrecer una potencia de al menos 25 mil millones de UFC hasta la fecha de caducidad.<\/p>\n<p class=\"alert\" style=\"text-align: center\">\n","protected":false},"featured_media":825,"comment_status":"open","ping_status":"closed","template":"","meta":[],"product_brand":[],"product_cat":[73,76],"product_tag":[66],"class_list":{"0":"post-1778","1":"product","2":"type-product","3":"status-publish","4":"has-post-thumbnail","6":"product_cat-espectro-autismo","7":"product_cat-salud-intestinal","8":"product_tag-metabolismo-rendimiento","10":"first","11":"instock","12":"shipping-taxable","13":"purchasable","14":"product-type-simple"},"_links":{"self":[{"href":"https:\/\/new.nowdevenezuela.com\/index.php\/wp-json\/wp\/v2\/product\/1778","targetHints":{"allow":["GET"]}}],"collection":[{"href":"https:\/\/new.nowdevenezuela.com\/index.php\/wp-json\/wp\/v2\/product"}],"about":[{"href":"https:\/\/new.nowdevenezuela.com\/index.php\/wp-json\/wp\/v2\/types\/product"}],"replies":[{"embeddable":true,"href":"https:\/\/new.nowdevenezuela.com\/index.php\/wp-json\/wp\/v2\/comments?post=1778"}],"wp:featuredmedia":[{"embeddable":true,"href":"https:\/\/new.nowdevenezuela.com\/index.php\/wp-json\/wp\/v2\/media\/825"}],"wp:attachment":[{"href":"https:\/\/new.nowdevenezuela.com\/index.php\/wp-json\/wp\/v2\/media?parent=1778"}],"wp:term":[{"taxonomy":"product_brand","embeddable":true,"href":"https:\/\/new.nowdevenezuela.com\/index.php\/wp-json\/wp\/v2\/product_brand?post=1778"},{"taxonomy":"product_cat","embeddable":true,"href":"https:\/\/new.nowdevenezuela.com\/index.php\/wp-json\/wp\/v2\/product_cat?post=1778"},{"taxonomy":"product_tag","embeddable":true,"href":"https:\/\/new.nowdevenezuela.com\/index.php\/wp-json\/wp\/v2\/product_tag?post=1778"}],"curies":[{"name":"wp","href":"https:\/\/api.w.org\/{rel}","templated":true}]}}