{"id":1777,"date":"2025-12-11T15:58:05","date_gmt":"2025-12-11T19:58:05","guid":{"rendered":"https:\/\/new.nowdevenezuela.com\/?post_type=product&#038;p=1777"},"modified":"2025-12-11T15:58:09","modified_gmt":"2025-12-11T19:58:09","slug":"l-taurina-500mg-100-capsulas-vegetales","status":"publish","type":"product","link":"https:\/\/new.nowdevenezuela.com\/index.php\/product\/l-taurina-500mg-100-capsulas-vegetales\/","title":{"rendered":"L-Taurina 500mg 100 c\u00e1psulas vegetales"},"content":{"rendered":"<p style=\"text-align: left\"><strong>Presentaci\u00f3n:<\/strong><\/p>\n<p style=\"text-align: left\">&#8211;\u00a0 Envase de 100 c\u00e1psulas 500 mg.<\/p>\n<p style=\"text-align: left\"><strong>Modo de uso:<\/strong><\/p>\n<p style=\"text-align: left\"><span class=\"tlid-translation translation\" lang=\"es\"><span class=\"\" title=\"\">&#8211;\u00a0 Tomar 1 c\u00e1psula de 1 a 2 veces al d\u00eda con jugo o agua, preferiblemente entre comidas.<\/span><\/span><\/p>\n<p style=\"text-align: left\"><span class=\"\" title=\"\">&#8211;\u00a0 Almacene en un lugar fresco y seco despu\u00e9s de abrir.<\/span><\/p>\n","protected":false},"excerpt":{"rendered":"<p><span class=\"tlid-translation translation\" lang=\"es\"><span class=\"\" title=\"\">&#8211;\u00a0 La taurina es un amino\u00e1cido condicionalmente esencial que no se utiliza para la s\u00edntesis de prote\u00ednas, pero que se encuentra principalmente libre en la mayor\u00eda de los tejidos, especialmente en todo el sistema nervioso.<\/span><\/span><\/p>\n<p><span class=\"tlid-translation translation\" lang=\"es\"><span class=\"\" title=\"\">&#8211;\u00a0 Funciona en los tejidos estabilizando las membranas celulares y ayudando al transporte de potasio, sodio, calcio y<\/span> <span class=\"\" title=\"\">magnesio dentro y fuera de las c\u00e9lulas.<\/span><\/span><\/p>\n<p><span class=\"tlid-translation translation\" lang=\"es\"><span class=\"\" title=\"\">&#8211;\u00a0 La taurina ayuda a generar y regular los impulsos nerviosos y apoya el mantenimiento del equilibrio de l\u00edquidos normal,<\/span> t<span class=\"\" title=\"\">ambi\u00e9n es utilizado por el cuerpo en las v\u00edas visuales, as\u00ed como en el cerebro y el sistema nervioso, donde trabaja junto con la glicina y el GABA como neurotransmisor. <\/span><\/span><\/p>\n<p class=\"alert\" style=\"text-align: center\">\n","protected":false},"featured_media":822,"comment_status":"open","ping_status":"closed","template":"","meta":[],"product_brand":[],"product_cat":[64],"product_tag":[66],"class_list":{"0":"post-1777","1":"product","2":"type-product","3":"status-publish","4":"has-post-thumbnail","6":"product_cat-now-sports","7":"product_tag-metabolismo-rendimiento","9":"first","10":"instock","11":"shipping-taxable","12":"purchasable","13":"product-type-simple"},"_links":{"self":[{"href":"https:\/\/new.nowdevenezuela.com\/index.php\/wp-json\/wp\/v2\/product\/1777","targetHints":{"allow":["GET"]}}],"collection":[{"href":"https:\/\/new.nowdevenezuela.com\/index.php\/wp-json\/wp\/v2\/product"}],"about":[{"href":"https:\/\/new.nowdevenezuela.com\/index.php\/wp-json\/wp\/v2\/types\/product"}],"replies":[{"embeddable":true,"href":"https:\/\/new.nowdevenezuela.com\/index.php\/wp-json\/wp\/v2\/comments?post=1777"}],"wp:featuredmedia":[{"embeddable":true,"href":"https:\/\/new.nowdevenezuela.com\/index.php\/wp-json\/wp\/v2\/media\/822"}],"wp:attachment":[{"href":"https:\/\/new.nowdevenezuela.com\/index.php\/wp-json\/wp\/v2\/media?parent=1777"}],"wp:term":[{"taxonomy":"product_brand","embeddable":true,"href":"https:\/\/new.nowdevenezuela.com\/index.php\/wp-json\/wp\/v2\/product_brand?post=1777"},{"taxonomy":"product_cat","embeddable":true,"href":"https:\/\/new.nowdevenezuela.com\/index.php\/wp-json\/wp\/v2\/product_cat?post=1777"},{"taxonomy":"product_tag","embeddable":true,"href":"https:\/\/new.nowdevenezuela.com\/index.php\/wp-json\/wp\/v2\/product_tag?post=1777"}],"curies":[{"name":"wp","href":"https:\/\/api.w.org\/{rel}","templated":true}]}}