{"id":1773,"date":"2025-12-11T15:58:04","date_gmt":"2025-12-11T19:58:04","guid":{"rendered":"https:\/\/new.nowdevenezuela.com\/?post_type=product&#038;p=1773"},"modified":"2025-12-11T15:58:08","modified_gmt":"2025-12-11T19:58:08","slug":"berrydophilus-probiotico-para-ninos-60-masticables","status":"publish","type":"product","link":"https:\/\/new.nowdevenezuela.com\/index.php\/product\/berrydophilus-probiotico-para-ninos-60-masticables\/","title":{"rendered":"BerryDophilus\u2122 (Probi\u00f3tico para ni\u00f1os) 60 masticables"},"content":{"rendered":"<p style=\"text-align: left\"><strong>Presentaci\u00f3n:<\/strong><\/p>\n<p style=\"text-align: left\">&#8211;\u00a0 Envase de 60 tabletas masticables.<\/p>\n<p style=\"text-align: left\"><strong>Modo de uso:<\/strong><\/p>\n<p style=\"text-align: left\"><span class=\"tlid-translation translation\" lang=\"es\"><span class=\"\" title=\"\">&#8211;\u00a0 Para ni\u00f1os (de 2 a\u00f1os en adelante) y adultos: mastique 1 tableta de 1 a 3 veces al d\u00eda entre comidas.<\/span> <span class=\"\" title=\"\">Para ni\u00f1os menores de 2 a\u00f1os, use solo bajo el consejo de un profesional de la salud.<\/span> <span title=\"\">Tableta para masticar o triturar;<\/span> <span class=\"\" title=\"\">no debe ser tragado entero.<\/span><\/span><\/p>\n<p>&nbsp;<\/p>\n","protected":false},"excerpt":{"rendered":"<p><span class=\"tlid-translation translation\" lang=\"es\"><span class=\"\" title=\"\">&#8211;\u00a0 NOW\u00ae BerryDophilus proporciona 2 mil millones de UFC de una combinaci\u00f3n de 10 cepas bacterianas probi\u00f3ticas cl\u00ednicamente validadas dise\u00f1adas para apoyar la salud gastrointestinal y la funci\u00f3n saludable del sistema inmunol\u00f3gico. <\/span><\/span><\/p>\n<p><span class=\"tlid-translation translation\" lang=\"es\"><span class=\"\" title=\"\">&#8211;\u00a0 La flora intestinal saludable tambi\u00e9n ayuda a crear un ambiente favorable para la absorci\u00f3n de nutrientes. BerryDophilus puede<\/span> <span title=\"\">ser utilizado tanto por adultos como por ni\u00f1os.<\/span> <\/span><\/p>\n<p><span class=\"tlid-translation translation\" lang=\"es\"><span title=\"\">&#8211;\u00a0 Est\u00e1 endulzado con Xilitol, por lo que no da\u00f1a los dientes y tiene un sabor muy agradable.<\/span><\/span><\/p>\n<p>&nbsp;<\/p>\n","protected":false},"featured_media":810,"comment_status":"open","ping_status":"closed","template":"","meta":[],"product_brand":[],"product_cat":[73,76],"product_tag":[],"class_list":{"0":"post-1773","1":"product","2":"type-product","3":"status-publish","4":"has-post-thumbnail","6":"product_cat-espectro-autismo","7":"product_cat-salud-intestinal","9":"first","10":"instock","11":"shipping-taxable","12":"purchasable","13":"product-type-simple"},"_links":{"self":[{"href":"https:\/\/new.nowdevenezuela.com\/index.php\/wp-json\/wp\/v2\/product\/1773","targetHints":{"allow":["GET"]}}],"collection":[{"href":"https:\/\/new.nowdevenezuela.com\/index.php\/wp-json\/wp\/v2\/product"}],"about":[{"href":"https:\/\/new.nowdevenezuela.com\/index.php\/wp-json\/wp\/v2\/types\/product"}],"replies":[{"embeddable":true,"href":"https:\/\/new.nowdevenezuela.com\/index.php\/wp-json\/wp\/v2\/comments?post=1773"}],"wp:featuredmedia":[{"embeddable":true,"href":"https:\/\/new.nowdevenezuela.com\/index.php\/wp-json\/wp\/v2\/media\/810"}],"wp:attachment":[{"href":"https:\/\/new.nowdevenezuela.com\/index.php\/wp-json\/wp\/v2\/media?parent=1773"}],"wp:term":[{"taxonomy":"product_brand","embeddable":true,"href":"https:\/\/new.nowdevenezuela.com\/index.php\/wp-json\/wp\/v2\/product_brand?post=1773"},{"taxonomy":"product_cat","embeddable":true,"href":"https:\/\/new.nowdevenezuela.com\/index.php\/wp-json\/wp\/v2\/product_cat?post=1773"},{"taxonomy":"product_tag","embeddable":true,"href":"https:\/\/new.nowdevenezuela.com\/index.php\/wp-json\/wp\/v2\/product_tag?post=1773"}],"curies":[{"name":"wp","href":"https:\/\/api.w.org\/{rel}","templated":true}]}}