{"id":1769,"date":"2025-12-11T15:57:57","date_gmt":"2025-12-11T19:57:57","guid":{"rendered":"https:\/\/new.nowdevenezuela.com\/?post_type=product&#038;p=1769"},"modified":"2025-12-11T15:58:04","modified_gmt":"2025-12-11T19:58:04","slug":"aceite-de-coco-organico-virgen-12-oz-355-ml","status":"publish","type":"product","link":"https:\/\/new.nowdevenezuela.com\/index.php\/product\/aceite-de-coco-organico-virgen-12-oz-355-ml\/","title":{"rendered":"Aceite de Coco Org\u00e1nico Virgen 12 OZ. (355 mL)"},"content":{"rendered":"<p style=\"text-align: left\"><strong>Presentaci\u00f3n:<\/strong><\/p>\n<p style=\"text-align: left\">&#8211;\u00a0 Envase de 12 FL. OZ. (355ml).<\/p>\n<p style=\"text-align: left\"><strong>Modo de Uso:<\/strong><\/p>\n<p style=\"text-align: left\"><span class=\"tlid-translation translation\" lang=\"es\"><span class=\"\" title=\"\">&#8211;\u00a0 \u00daselo para cocinar y hornear en lugar de otros aceites de cocina o agr\u00e9guelo a su batido favorito. \u00daselo para untar en sus panes y muffins favoritos o agregue un toque sutil de dulzura tropical a sus palomitas de ma\u00edz.<\/span><\/span><\/p>\n<p style=\"text-align: left\"><span class=\"tlid-translation translation\" lang=\"es\"><span class=\"\" title=\"\">&#8211;\u00a0 Almacene en un ambiente fresco, seco y oscuro en un recipiente original herm\u00e9ticamente cerrado.<\/span> <span class=\"\" title=\"\">Despu\u00e9s de abrir, el producto puede refrigerarse o almacenarse a temperatura ambiente fresca.<\/span> <span title=\"\">El aceite de coco virgen, naturalmente, tiene una composici\u00f3n muy variable.<\/span> <span title=\"\">A temperaturas inferiores a 78 \u00b0, el producto comenzar\u00e1 a solidificarse y pueden aparecer grumos.<\/span> <span title=\"\">Tambi\u00e9n pueden aparecer burbujas y pueden parecerse a manchas oscuras.<\/span> <span title=\"\">Sin embargo, ambos son normales.<\/span> <span title=\"\">No se utilizan aditivos ni conservantes.<\/span> <span title=\"\">Puro y natural.<\/span><\/span><\/p>\n","protected":false},"excerpt":{"rendered":"<p><span class=\"tlid-translation translation\" lang=\"es\"><span class=\"\" title=\"\">&#8211;\u00a0 El aceite de coco virgen org\u00e1nico NOW, sabe y huele muy bien y es muy vers\u00e1til que no se necesita nada m\u00e1s para disfrutar de los fant\u00e1sticos beneficios de este aceite nutricional de primera calidad.<\/span> <\/span><\/p>\n<p><span class=\"tlid-translation translation\" lang=\"es\"><span class=\"\" title=\"\">&#8211;\u00a0 Se utiliza un m\u00e9todo de prensado en fr\u00edo para preservar los triglic\u00e9ridos de cadena media (MCT) y los \u00e1cidos grasos que se encuentran naturalmente en los cocos.<\/span> <span title=\"\">Esto produce un aceite sin refinar que est\u00e1 lleno de bondad y sabor.<\/span><\/span><\/p>\n<p><span class=\"\" title=\"\">&#8211;\u00a0 Nuestro aceite de coco virgen org\u00e1nico es delicioso por s\u00ed solo y es una excelente adici\u00f3n a las recetas.<\/span><\/p>\n","protected":false},"featured_media":798,"comment_status":"open","ping_status":"closed","template":"","meta":[],"product_brand":[],"product_cat":[55],"product_tag":[],"class_list":{"0":"post-1769","1":"product","2":"type-product","3":"status-publish","4":"has-post-thumbnail","6":"product_cat-nutricional","8":"first","9":"instock","10":"shipping-taxable","11":"purchasable","12":"product-type-simple"},"_links":{"self":[{"href":"https:\/\/new.nowdevenezuela.com\/index.php\/wp-json\/wp\/v2\/product\/1769","targetHints":{"allow":["GET"]}}],"collection":[{"href":"https:\/\/new.nowdevenezuela.com\/index.php\/wp-json\/wp\/v2\/product"}],"about":[{"href":"https:\/\/new.nowdevenezuela.com\/index.php\/wp-json\/wp\/v2\/types\/product"}],"replies":[{"embeddable":true,"href":"https:\/\/new.nowdevenezuela.com\/index.php\/wp-json\/wp\/v2\/comments?post=1769"}],"wp:featuredmedia":[{"embeddable":true,"href":"https:\/\/new.nowdevenezuela.com\/index.php\/wp-json\/wp\/v2\/media\/798"}],"wp:attachment":[{"href":"https:\/\/new.nowdevenezuela.com\/index.php\/wp-json\/wp\/v2\/media?parent=1769"}],"wp:term":[{"taxonomy":"product_brand","embeddable":true,"href":"https:\/\/new.nowdevenezuela.com\/index.php\/wp-json\/wp\/v2\/product_brand?post=1769"},{"taxonomy":"product_cat","embeddable":true,"href":"https:\/\/new.nowdevenezuela.com\/index.php\/wp-json\/wp\/v2\/product_cat?post=1769"},{"taxonomy":"product_tag","embeddable":true,"href":"https:\/\/new.nowdevenezuela.com\/index.php\/wp-json\/wp\/v2\/product_tag?post=1769"}],"curies":[{"name":"wp","href":"https:\/\/api.w.org\/{rel}","templated":true}]}}