{"id":1764,"date":"2025-12-11T15:57:57","date_gmt":"2025-12-11T19:57:57","guid":{"rendered":"https:\/\/new.nowdevenezuela.com\/?post_type=product&#038;p=1764"},"modified":"2025-12-11T15:58:03","modified_gmt":"2025-12-11T19:58:03","slug":"levadura-de-cerveza-brewers-yeast-650-mg-200-tabletas","status":"publish","type":"product","link":"https:\/\/new.nowdevenezuela.com\/index.php\/product\/levadura-de-cerveza-brewers-yeast-650-mg-200-tabletas\/","title":{"rendered":"Levadura de cerveza (Brewer&#8217;s Yeast) 650 mg 200 tabletas"},"content":{"rendered":"<p style=\"text-align: left\"><strong>Presentaci\u00f3n:<\/strong><\/p>\n<p style=\"text-align: left\">&#8211;\u00a0 Envase de 200 tabletas de 650 mg.<\/p>\n<p style=\"text-align: left\"><strong>Modo de Uso:<\/strong><\/p>\n<p style=\"text-align: left\">&#8211;\u00a0 Tomar 3 tabletas de 2 a 3 veces al d\u00eda.<\/p>\n","protected":false},"excerpt":{"rendered":"<p>&#8216;-\u00a0 NOW\u00ae Brewer&#8217;s Yeast tiene varias vitaminas y minerales naturales, sobre todo vitaminas B. Adem\u00e1s, la levadura de cerveza ofrece otros componentes, como amino\u00e1cidos y betaglucanos.<\/p>\n<p>&#8211;\u00a0 No se agregan vitaminas sint\u00e9ticas a la levadura durante el procesamiento. La levadura de cerveza tiene vitaminas B naturales como: tiamina (vitamina B-1), riboflavina (vitamina B-2), niacina, vitamina B-6, \u00e1cido f\u00f3lico, biotina y \u00e1cido pantot\u00e9nico<\/p>\n<p class=\"alert\" style=\"text-align: center\">\n","protected":false},"featured_media":782,"comment_status":"open","ping_status":"closed","template":"","meta":[],"product_brand":[],"product_cat":[64],"product_tag":[69,70],"class_list":{"0":"post-1764","1":"product","2":"type-product","3":"status-publish","4":"has-post-thumbnail","6":"product_cat-now-sports","7":"product_tag-anabolizante-energia","8":"product_tag-metabolismo-potenciador-acelera","10":"first","11":"instock","12":"shipping-taxable","13":"purchasable","14":"product-type-simple"},"_links":{"self":[{"href":"https:\/\/new.nowdevenezuela.com\/index.php\/wp-json\/wp\/v2\/product\/1764","targetHints":{"allow":["GET"]}}],"collection":[{"href":"https:\/\/new.nowdevenezuela.com\/index.php\/wp-json\/wp\/v2\/product"}],"about":[{"href":"https:\/\/new.nowdevenezuela.com\/index.php\/wp-json\/wp\/v2\/types\/product"}],"replies":[{"embeddable":true,"href":"https:\/\/new.nowdevenezuela.com\/index.php\/wp-json\/wp\/v2\/comments?post=1764"}],"wp:featuredmedia":[{"embeddable":true,"href":"https:\/\/new.nowdevenezuela.com\/index.php\/wp-json\/wp\/v2\/media\/782"}],"wp:attachment":[{"href":"https:\/\/new.nowdevenezuela.com\/index.php\/wp-json\/wp\/v2\/media?parent=1764"}],"wp:term":[{"taxonomy":"product_brand","embeddable":true,"href":"https:\/\/new.nowdevenezuela.com\/index.php\/wp-json\/wp\/v2\/product_brand?post=1764"},{"taxonomy":"product_cat","embeddable":true,"href":"https:\/\/new.nowdevenezuela.com\/index.php\/wp-json\/wp\/v2\/product_cat?post=1764"},{"taxonomy":"product_tag","embeddable":true,"href":"https:\/\/new.nowdevenezuela.com\/index.php\/wp-json\/wp\/v2\/product_tag?post=1764"}],"curies":[{"name":"wp","href":"https:\/\/api.w.org\/{rel}","templated":true}]}}