{"id":1763,"date":"2025-12-11T15:57:57","date_gmt":"2025-12-11T19:57:57","guid":{"rendered":"https:\/\/new.nowdevenezuela.com\/?post_type=product&#038;p=1763"},"modified":"2025-12-11T15:58:02","modified_gmt":"2025-12-11T19:58:02","slug":"l-arginine-500mg-100-capsulas-vegetales","status":"publish","type":"product","link":"https:\/\/new.nowdevenezuela.com\/index.php\/product\/l-arginine-500mg-100-capsulas-vegetales\/","title":{"rendered":"L-Arginine 500mg. 100 c\u00e1psulas vegetales"},"content":{"rendered":"<p style=\"text-align: left\"><strong>Presentaci\u00f3n:<\/strong><\/p>\n<p style=\"text-align: left\">&#8211;\u00a0 Envase de 100 c\u00e1psulas<\/p>\n<p style=\"text-align: left\"><strong>Modo de Uso:<\/strong><\/p>\n<p style=\"text-align: left\">&#8211;\u00a0 Tomar 2 c\u00e1psulas al d\u00eda con las comidas.<\/p>\n","protected":false},"excerpt":{"rendered":"<p>&#8216;-\u00a0 Ayuda a la r\u00e1pida absorci\u00f3n de prote\u00ednas.<\/p>\n<p>&#8211; Mejora de los carbohidratos por lo que incrementa tu energ\u00eda.<\/p>\n<p>&#8211; Es Anabolizante.<\/p>\n<p>&#8211; Vasodilatador: mejora la funci\u00f3n cardiovascular.<\/p>\n<p class=\"alert\" style=\"text-align: center\">\n","protected":false},"featured_media":779,"comment_status":"open","ping_status":"closed","template":"","meta":[],"product_brand":[],"product_cat":[44,64],"product_tag":[68],"class_list":{"0":"post-1763","1":"product","2":"type-product","3":"status-publish","4":"has-post-thumbnail","6":"product_cat-inmunologica","7":"product_cat-now-sports","8":"product_tag-vasodilatador-anabolizante-energia","10":"first","11":"instock","12":"shipping-taxable","13":"purchasable","14":"product-type-simple"},"_links":{"self":[{"href":"https:\/\/new.nowdevenezuela.com\/index.php\/wp-json\/wp\/v2\/product\/1763","targetHints":{"allow":["GET"]}}],"collection":[{"href":"https:\/\/new.nowdevenezuela.com\/index.php\/wp-json\/wp\/v2\/product"}],"about":[{"href":"https:\/\/new.nowdevenezuela.com\/index.php\/wp-json\/wp\/v2\/types\/product"}],"replies":[{"embeddable":true,"href":"https:\/\/new.nowdevenezuela.com\/index.php\/wp-json\/wp\/v2\/comments?post=1763"}],"wp:featuredmedia":[{"embeddable":true,"href":"https:\/\/new.nowdevenezuela.com\/index.php\/wp-json\/wp\/v2\/media\/779"}],"wp:attachment":[{"href":"https:\/\/new.nowdevenezuela.com\/index.php\/wp-json\/wp\/v2\/media?parent=1763"}],"wp:term":[{"taxonomy":"product_brand","embeddable":true,"href":"https:\/\/new.nowdevenezuela.com\/index.php\/wp-json\/wp\/v2\/product_brand?post=1763"},{"taxonomy":"product_cat","embeddable":true,"href":"https:\/\/new.nowdevenezuela.com\/index.php\/wp-json\/wp\/v2\/product_cat?post=1763"},{"taxonomy":"product_tag","embeddable":true,"href":"https:\/\/new.nowdevenezuela.com\/index.php\/wp-json\/wp\/v2\/product_tag?post=1763"}],"curies":[{"name":"wp","href":"https:\/\/api.w.org\/{rel}","templated":true}]}}